{"id":403,"date":"2020-10-04T21:57:22","date_gmt":"2020-10-04T21:57:22","guid":{"rendered":"https:\/\/eljardinderosas.cl\/inicio\/?post_type=product&#038;p=403"},"modified":"2025-02-04T22:51:49","modified_gmt":"2025-02-05T01:51:49","slug":"caja-en-forma-de-corazon-con-12-rosas-10-girasoles-y-bombones","status":"publish","type":"product","link":"https:\/\/eljardinderosas.cl\/inicio\/tienda\/arreglos-florales\/girasoles-importados\/caja-en-forma-de-corazon-con-12-rosas-10-girasoles-y-bombones\/","title":{"rendered":"Caja en forma de coraz\u00f3n con 12 rosas 10 girasoles y bombones"},"content":{"rendered":"<p>D\u00e9jate cautivar este 14 de febrero con bellas flores a domicilio con\u00a0 nuestras cautivadoras y encantadoras cajas en formas de coraz\u00f3n, con 12 rosas ecuatorianas, 10 varas con girasoles importados al medio van 8 bombones valentte una\u00a0 combinaci\u00f3n perfecta de hermosas rosas y elegantes girasoles , acompa\u00f1ados de una selecci\u00f3n exquisita de bombones, Estas maravillosas creaciones son ideales para sorprender este 14 de febrero d\u00eda de los enamorados\u00a0 y crear momentos inolvidables para aquellos que las reciban.\u00a0 No pierdas la oportunidad de regalar un detalle que dejar\u00e1 huella en el coraz\u00f3n de esa persona especial. Incluye una linda tarjeta de saludos donde puedes expresar una l\u00edneas a la persona amada quien reciba.<\/p>\n","protected":false},"excerpt":{"rendered":"<p>14 de febrero en San valentin\ud83d\ude0d llega a su coraz\u00f3n\u2764\ufe0f con flores de florer\u00eda<br \/>\nEl Jard\u00edn de Rosas\ud83c\udf39\u00a1Celebra y Descubre ramos \u00fanicos y ofertas especiales que alegrar\u00e1n su d\u00eda. \u00a1Haz tu pedido hoy y sorpr\u00e9ndela con un detalle inolvidable!<\/p>\n","protected":false},"featured_media":16732,"template":"","meta":[],"product_cat":[71,79,181,97],"product_tag":[],"yoast_head":"<!-- This site is optimized with the Yoast SEO Premium plugin v17.1.2 (Yoast SEO v17.3) - https:\/\/yoast.com\/wordpress\/plugins\/seo\/ -->\n<title>Caja en forma de coraz\u00f3n con 12 rosas 10 girasoles y bombones - El Jardin de Rosas<\/title>\n<meta name=\"robots\" content=\"index, follow, max-snippet:-1, max-image-preview:large, max-video-preview:-1\" \/>\n<link rel=\"canonical\" href=\"https:\/\/eljardinderosas.cl\/inicio\/tienda\/arreglos-florales\/girasoles-importados\/caja-en-forma-de-corazon-con-12-rosas-10-girasoles-y-bombones\/\" \/>\n<meta property=\"og:locale\" content=\"es_ES\" \/>\n<meta property=\"og:type\" content=\"article\" \/>\n<meta property=\"og:title\" content=\"Caja en forma de coraz\u00f3n con 12 rosas 10 girasoles y bombones\" \/>\n<meta property=\"og:description\" content=\"14 de febrero en San valentin\ud83d\ude0d llega a su coraz\u00f3n\u2764\ufe0f con flores de florer\u00eda El Jard\u00edn de Rosas\ud83c\udf39\u00a1Celebra y Descubre ramos \u00fanicos y ofertas especiales que alegrar\u00e1n su d\u00eda. \u00a1Haz tu pedido hoy y sorpr\u00e9ndela con un detalle inolvidable!\" \/>\n<meta property=\"og:url\" content=\"https:\/\/eljardinderosas.cl\/inicio\/tienda\/arreglos-florales\/girasoles-importados\/caja-en-forma-de-corazon-con-12-rosas-10-girasoles-y-bombones\/\" \/>\n<meta property=\"og:site_name\" content=\"El Jardin de Rosas\" \/>\n<meta property=\"article:modified_time\" content=\"2025-02-05T01:51:49+00:00\" \/>\n<meta property=\"og:image\" content=\"https:\/\/eljardinderosas.cl\/inicio\/wp-content\/uploads\/2020\/10\/IMG-20240128-WA0025.jpg\" \/>\n\t<meta property=\"og:image:width\" content=\"500\" \/>\n\t<meta property=\"og:image:height\" content=\"500\" \/>\n<meta name=\"twitter:card\" content=\"summary_large_image\" \/>\n<meta name=\"twitter:label1\" content=\"Tiempo de lectura\" \/>\n\t<meta name=\"twitter:data1\" content=\"1 minuto\" \/>\n<script type=\"application\/ld+json\" class=\"yoast-schema-graph\">{\"@context\":\"https:\/\/schema.org\",\"@graph\":[{\"@type\":\"Organization\",\"@id\":\"https:\/\/eljardinderosas.cl\/inicio\/#organization\",\"name\":\"El jardin de las rosas\",\"url\":\"https:\/\/eljardinderosas.cl\/inicio\/\",\"sameAs\":[\"https:\/\/www.instagram.com\/floreria_eljardinderosas\/\"],\"logo\":{\"@type\":\"ImageObject\",\"@id\":\"https:\/\/eljardinderosas.cl\/inicio\/#logo\",\"inLanguage\":\"es\",\"url\":\"https:\/\/eljardinderosas.cl\/inicio\/wp-content\/uploads\/2020\/10\/eljardinderosas-mail.png\",\"contentUrl\":\"https:\/\/eljardinderosas.cl\/inicio\/wp-content\/uploads\/2020\/10\/eljardinderosas-mail.png\",\"width\":317,\"height\":97,\"caption\":\"El jardin de las rosas\"},\"image\":{\"@id\":\"https:\/\/eljardinderosas.cl\/inicio\/#logo\"}},{\"@type\":\"WebSite\",\"@id\":\"https:\/\/eljardinderosas.cl\/inicio\/#website\",\"url\":\"https:\/\/eljardinderosas.cl\/inicio\/\",\"name\":\"Floreria El jardin de las Rosas\",\"description\":\"Flores en Santiago\",\"publisher\":{\"@id\":\"https:\/\/eljardinderosas.cl\/inicio\/#organization\"},\"potentialAction\":[{\"@type\":\"SearchAction\",\"target\":{\"@type\":\"EntryPoint\",\"urlTemplate\":\"https:\/\/eljardinderosas.cl\/inicio\/?s={search_term_string}\"},\"query-input\":\"required name=search_term_string\"}],\"inLanguage\":\"es\"},{\"@type\":\"ImageObject\",\"@id\":\"https:\/\/eljardinderosas.cl\/inicio\/tienda\/arreglos-florales\/girasoles-importados\/caja-en-forma-de-corazon-con-12-rosas-10-girasoles-y-bombones\/#primaryimage\",\"inLanguage\":\"es\",\"url\":\"https:\/\/eljardinderosas.cl\/inicio\/wp-content\/uploads\/2020\/10\/IMG-20240128-WA0025.jpg\",\"contentUrl\":\"https:\/\/eljardinderosas.cl\/inicio\/wp-content\/uploads\/2020\/10\/IMG-20240128-WA0025.jpg\",\"width\":500,\"height\":500},{\"@type\":\"WebPage\",\"@id\":\"https:\/\/eljardinderosas.cl\/inicio\/tienda\/arreglos-florales\/girasoles-importados\/caja-en-forma-de-corazon-con-12-rosas-10-girasoles-y-bombones\/#webpage\",\"url\":\"https:\/\/eljardinderosas.cl\/inicio\/tienda\/arreglos-florales\/girasoles-importados\/caja-en-forma-de-corazon-con-12-rosas-10-girasoles-y-bombones\/\",\"name\":\"Caja en forma de coraz\\u00f3n con 12 rosas 10 girasoles y bombones - El Jardin de Rosas\",\"isPartOf\":{\"@id\":\"https:\/\/eljardinderosas.cl\/inicio\/#website\"},\"primaryImageOfPage\":{\"@id\":\"https:\/\/eljardinderosas.cl\/inicio\/tienda\/arreglos-florales\/girasoles-importados\/caja-en-forma-de-corazon-con-12-rosas-10-girasoles-y-bombones\/#primaryimage\"},\"datePublished\":\"2020-10-04T21:57:22+00:00\",\"dateModified\":\"2025-02-05T01:51:49+00:00\",\"breadcrumb\":{\"@id\":\"https:\/\/eljardinderosas.cl\/inicio\/tienda\/arreglos-florales\/girasoles-importados\/caja-en-forma-de-corazon-con-12-rosas-10-girasoles-y-bombones\/#breadcrumb\"},\"inLanguage\":\"es\",\"potentialAction\":[{\"@type\":\"ReadAction\",\"target\":[\"https:\/\/eljardinderosas.cl\/inicio\/tienda\/arreglos-florales\/girasoles-importados\/caja-en-forma-de-corazon-con-12-rosas-10-girasoles-y-bombones\/\"]}]},{\"@type\":\"BreadcrumbList\",\"@id\":\"https:\/\/eljardinderosas.cl\/inicio\/tienda\/arreglos-florales\/girasoles-importados\/caja-en-forma-de-corazon-con-12-rosas-10-girasoles-y-bombones\/#breadcrumb\",\"itemListElement\":[{\"@type\":\"ListItem\",\"position\":1,\"name\":\"Home\",\"item\":\"https:\/\/eljardinderosas.cl\/inicio\/\"},{\"@type\":\"ListItem\",\"position\":2,\"name\":\"Tienda\",\"item\":\"https:\/\/eljardinderosas.cl\/inicio\/tienda\/\"},{\"@type\":\"ListItem\",\"position\":3,\"name\":\"Caja en forma de coraz\\u00f3n con 12 rosas 10 girasoles y bombones\"}]}]}<\/script>\n<!-- \/ Yoast SEO Premium plugin. -->","yoast_head_json":{"title":"Caja en forma de coraz\u00f3n con 12 rosas 10 girasoles y bombones - El Jardin de Rosas","robots":{"index":"index","follow":"follow","max-snippet":"max-snippet:-1","max-image-preview":"max-image-preview:large","max-video-preview":"max-video-preview:-1"},"canonical":"https:\/\/eljardinderosas.cl\/inicio\/tienda\/arreglos-florales\/girasoles-importados\/caja-en-forma-de-corazon-con-12-rosas-10-girasoles-y-bombones\/","og_locale":"es_ES","og_type":"article","og_title":"Caja en forma de coraz\u00f3n con 12 rosas 10 girasoles y bombones","og_description":"14 de febrero en San valentin\ud83d\ude0d llega a su coraz\u00f3n\u2764\ufe0f con flores de florer\u00eda El Jard\u00edn de Rosas\ud83c\udf39\u00a1Celebra y Descubre ramos \u00fanicos y ofertas especiales que alegrar\u00e1n su d\u00eda. \u00a1Haz tu pedido hoy y sorpr\u00e9ndela con un detalle inolvidable!","og_url":"https:\/\/eljardinderosas.cl\/inicio\/tienda\/arreglos-florales\/girasoles-importados\/caja-en-forma-de-corazon-con-12-rosas-10-girasoles-y-bombones\/","og_site_name":"El Jardin de Rosas","article_modified_time":"2025-02-05T01:51:49+00:00","og_image":[{"width":500,"height":500,"url":"https:\/\/eljardinderosas.cl\/inicio\/wp-content\/uploads\/2020\/10\/IMG-20240128-WA0025.jpg","type":"image\/jpeg"}],"twitter_card":"summary_large_image","twitter_misc":{"Tiempo de lectura":"1 minuto"},"schema":{"@context":"https:\/\/schema.org","@graph":[{"@type":"Organization","@id":"https:\/\/eljardinderosas.cl\/inicio\/#organization","name":"El jardin de las rosas","url":"https:\/\/eljardinderosas.cl\/inicio\/","sameAs":["https:\/\/www.instagram.com\/floreria_eljardinderosas\/"],"logo":{"@type":"ImageObject","@id":"https:\/\/eljardinderosas.cl\/inicio\/#logo","inLanguage":"es","url":"https:\/\/eljardinderosas.cl\/inicio\/wp-content\/uploads\/2020\/10\/eljardinderosas-mail.png","contentUrl":"https:\/\/eljardinderosas.cl\/inicio\/wp-content\/uploads\/2020\/10\/eljardinderosas-mail.png","width":317,"height":97,"caption":"El jardin de las rosas"},"image":{"@id":"https:\/\/eljardinderosas.cl\/inicio\/#logo"}},{"@type":"WebSite","@id":"https:\/\/eljardinderosas.cl\/inicio\/#website","url":"https:\/\/eljardinderosas.cl\/inicio\/","name":"Floreria El jardin de las Rosas","description":"Flores en Santiago","publisher":{"@id":"https:\/\/eljardinderosas.cl\/inicio\/#organization"},"potentialAction":[{"@type":"SearchAction","target":{"@type":"EntryPoint","urlTemplate":"https:\/\/eljardinderosas.cl\/inicio\/?s={search_term_string}"},"query-input":"required name=search_term_string"}],"inLanguage":"es"},{"@type":"ImageObject","@id":"https:\/\/eljardinderosas.cl\/inicio\/tienda\/arreglos-florales\/girasoles-importados\/caja-en-forma-de-corazon-con-12-rosas-10-girasoles-y-bombones\/#primaryimage","inLanguage":"es","url":"https:\/\/eljardinderosas.cl\/inicio\/wp-content\/uploads\/2020\/10\/IMG-20240128-WA0025.jpg","contentUrl":"https:\/\/eljardinderosas.cl\/inicio\/wp-content\/uploads\/2020\/10\/IMG-20240128-WA0025.jpg","width":500,"height":500},{"@type":"WebPage","@id":"https:\/\/eljardinderosas.cl\/inicio\/tienda\/arreglos-florales\/girasoles-importados\/caja-en-forma-de-corazon-con-12-rosas-10-girasoles-y-bombones\/#webpage","url":"https:\/\/eljardinderosas.cl\/inicio\/tienda\/arreglos-florales\/girasoles-importados\/caja-en-forma-de-corazon-con-12-rosas-10-girasoles-y-bombones\/","name":"Caja en forma de coraz\u00f3n con 12 rosas 10 girasoles y bombones - El Jardin de Rosas","isPartOf":{"@id":"https:\/\/eljardinderosas.cl\/inicio\/#website"},"primaryImageOfPage":{"@id":"https:\/\/eljardinderosas.cl\/inicio\/tienda\/arreglos-florales\/girasoles-importados\/caja-en-forma-de-corazon-con-12-rosas-10-girasoles-y-bombones\/#primaryimage"},"datePublished":"2020-10-04T21:57:22+00:00","dateModified":"2025-02-05T01:51:49+00:00","breadcrumb":{"@id":"https:\/\/eljardinderosas.cl\/inicio\/tienda\/arreglos-florales\/girasoles-importados\/caja-en-forma-de-corazon-con-12-rosas-10-girasoles-y-bombones\/#breadcrumb"},"inLanguage":"es","potentialAction":[{"@type":"ReadAction","target":["https:\/\/eljardinderosas.cl\/inicio\/tienda\/arreglos-florales\/girasoles-importados\/caja-en-forma-de-corazon-con-12-rosas-10-girasoles-y-bombones\/"]}]},{"@type":"BreadcrumbList","@id":"https:\/\/eljardinderosas.cl\/inicio\/tienda\/arreglos-florales\/girasoles-importados\/caja-en-forma-de-corazon-con-12-rosas-10-girasoles-y-bombones\/#breadcrumb","itemListElement":[{"@type":"ListItem","position":1,"name":"Home","item":"https:\/\/eljardinderosas.cl\/inicio\/"},{"@type":"ListItem","position":2,"name":"Tienda","item":"https:\/\/eljardinderosas.cl\/inicio\/tienda\/"},{"@type":"ListItem","position":3,"name":"Caja en forma de coraz\u00f3n con 12 rosas 10 girasoles y bombones"}]}]}},"_links":{"self":[{"href":"https:\/\/eljardinderosas.cl\/inicio\/wp-json\/wp\/v2\/product\/403"}],"collection":[{"href":"https:\/\/eljardinderosas.cl\/inicio\/wp-json\/wp\/v2\/product"}],"about":[{"href":"https:\/\/eljardinderosas.cl\/inicio\/wp-json\/wp\/v2\/types\/product"}],"wp:featuredmedia":[{"embeddable":true,"href":"https:\/\/eljardinderosas.cl\/inicio\/wp-json\/wp\/v2\/media\/16732"}],"wp:attachment":[{"href":"https:\/\/eljardinderosas.cl\/inicio\/wp-json\/wp\/v2\/media?parent=403"}],"wp:term":[{"taxonomy":"product_cat","embeddable":true,"href":"https:\/\/eljardinderosas.cl\/inicio\/wp-json\/wp\/v2\/product_cat?post=403"},{"taxonomy":"product_tag","embeddable":true,"href":"https:\/\/eljardinderosas.cl\/inicio\/wp-json\/wp\/v2\/product_tag?post=403"}],"curies":[{"name":"wp","href":"https:\/\/api.w.org\/{rel}","templated":true}]}}