{"id":409,"date":"2020-10-04T22:06:34","date_gmt":"2020-10-04T22:06:34","guid":{"rendered":"https:\/\/eljardinderosas.cl\/inicio\/?post_type=product&#038;p=409"},"modified":"2026-01-21T22:32:55","modified_gmt":"2026-01-22T01:32:55","slug":"florero-10-varas-girasoles-gerberas-solidago-y-hypericum","status":"publish","type":"product","link":"https:\/\/eljardinderosas.cl\/inicio\/tienda\/arreglos-florales\/girasoles-importados\/florero-10-varas-girasoles-gerberas-solidago-y-hypericum\/","title":{"rendered":"Florero 10 varas girasoles gerberas solidago y hypericum"},"content":{"rendered":"<p>Florero tama\u00f1o grande con 10 bellos girasoles, 10 varas de gerberas rojas y solidago verde incluye un toque especial de hypericum para dar un toque bello al arreglo esta combinaci\u00f3n  presenta una alegre por los  girasoles y las  gerberas rojas, fusionando la majestuosidad de los girasoles con la frescura vibrante de las gerberas en un arreglo floral que destaca por su vivacidad y encanto1. Los girasoles, con su mirada hacia el sol, te llenar\u00e1n de alegr\u00eda y optimismo, mientras que las gerberas a\u00f1adir\u00e1n un toque de delicadeza y elegancia3. Es un regalo perfecto para cualquier ocasi\u00f3n<\/p>\n","protected":false},"excerpt":{"rendered":"<p>\u00a1Celebra este 14 de febrero y Descubre ramos \u00fanicos y ofertas especiales que alegrar\u00e1n su d\u00eda. \u00a1Haz tu pedido hoy y sorpr\u00e9ndela con un detalle inolvidable<\/p>\n","protected":false},"featured_media":19704,"template":"","meta":[],"product_cat":[96,85,144,93,71,198,79,245,244,230],"product_tag":[187,196,113],"yoast_head":"<!-- This site is optimized with the Yoast SEO Premium plugin v17.1.2 (Yoast SEO v17.3) - https:\/\/yoast.com\/wordpress\/plugins\/seo\/ -->\n<title>Florero 10 varas girasoles gerberas solidago y hypericum - El Jardin de Rosas<\/title>\n<meta name=\"description\" content=\"Este arreglo floral transmite felicidad y amor, convirti\u00e9ndolo en un regalo maravilloso para esa persona especia en san valentin\" \/>\n<meta name=\"robots\" content=\"index, follow, max-snippet:-1, max-image-preview:large, max-video-preview:-1\" \/>\n<link rel=\"canonical\" href=\"https:\/\/eljardinderosas.cl\/inicio\/tienda\/arreglos-florales\/girasoles-importados\/florero-10-varas-girasoles-gerberas-solidago-y-hypericum\/\" \/>\n<meta property=\"og:locale\" content=\"es_ES\" \/>\n<meta property=\"og:type\" content=\"article\" \/>\n<meta property=\"og:title\" content=\"Florero 10 varas girasoles gerberas solidago y hypericum\" \/>\n<meta property=\"og:description\" content=\"Este arreglo floral transmite felicidad y amor, convirti\u00e9ndolo en un regalo maravilloso para esa persona especia en san valentin\" \/>\n<meta property=\"og:url\" content=\"https:\/\/eljardinderosas.cl\/inicio\/tienda\/arreglos-florales\/girasoles-importados\/florero-10-varas-girasoles-gerberas-solidago-y-hypericum\/\" \/>\n<meta property=\"og:site_name\" content=\"El Jardin de Rosas\" \/>\n<meta property=\"article:modified_time\" content=\"2026-01-22T01:32:55+00:00\" \/>\n<meta property=\"og:image\" content=\"https:\/\/eljardinderosas.cl\/inicio\/wp-content\/uploads\/2020\/10\/FLORERO-CON-GIRASOLES-GERBERAS-SOLIDAGO-Y-HYPERICUM.png\" \/>\n\t<meta property=\"og:image:width\" content=\"1024\" \/>\n\t<meta property=\"og:image:height\" content=\"1536\" \/>\n<meta name=\"twitter:card\" content=\"summary_large_image\" \/>\n<meta name=\"twitter:label1\" content=\"Tiempo de lectura\" \/>\n\t<meta name=\"twitter:data1\" content=\"1 minuto\" \/>\n<script type=\"application\/ld+json\" class=\"yoast-schema-graph\">{\"@context\":\"https:\/\/schema.org\",\"@graph\":[{\"@type\":\"Organization\",\"@id\":\"https:\/\/eljardinderosas.cl\/inicio\/#organization\",\"name\":\"El jardin de las rosas\",\"url\":\"https:\/\/eljardinderosas.cl\/inicio\/\",\"sameAs\":[\"https:\/\/www.instagram.com\/floreria_eljardinderosas\/\"],\"logo\":{\"@type\":\"ImageObject\",\"@id\":\"https:\/\/eljardinderosas.cl\/inicio\/#logo\",\"inLanguage\":\"es\",\"url\":\"https:\/\/eljardinderosas.cl\/inicio\/wp-content\/uploads\/2020\/10\/eljardinderosas-mail.png\",\"contentUrl\":\"https:\/\/eljardinderosas.cl\/inicio\/wp-content\/uploads\/2020\/10\/eljardinderosas-mail.png\",\"width\":317,\"height\":97,\"caption\":\"El jardin de las rosas\"},\"image\":{\"@id\":\"https:\/\/eljardinderosas.cl\/inicio\/#logo\"}},{\"@type\":\"WebSite\",\"@id\":\"https:\/\/eljardinderosas.cl\/inicio\/#website\",\"url\":\"https:\/\/eljardinderosas.cl\/inicio\/\",\"name\":\"Floreria El jardin de las Rosas\",\"description\":\"Flores en Santiago\",\"publisher\":{\"@id\":\"https:\/\/eljardinderosas.cl\/inicio\/#organization\"},\"potentialAction\":[{\"@type\":\"SearchAction\",\"target\":{\"@type\":\"EntryPoint\",\"urlTemplate\":\"https:\/\/eljardinderosas.cl\/inicio\/?s={search_term_string}\"},\"query-input\":\"required name=search_term_string\"}],\"inLanguage\":\"es\"},{\"@type\":\"ImageObject\",\"@id\":\"https:\/\/eljardinderosas.cl\/inicio\/tienda\/arreglos-florales\/girasoles-importados\/florero-10-varas-girasoles-gerberas-solidago-y-hypericum\/#primaryimage\",\"inLanguage\":\"es\",\"url\":\"https:\/\/eljardinderosas.cl\/inicio\/wp-content\/uploads\/2020\/10\/FLORERO-CON-GIRASOLES-GERBERAS-SOLIDAGO-Y-HYPERICUM.png\",\"contentUrl\":\"https:\/\/eljardinderosas.cl\/inicio\/wp-content\/uploads\/2020\/10\/FLORERO-CON-GIRASOLES-GERBERAS-SOLIDAGO-Y-HYPERICUM.png\",\"width\":1024,\"height\":1536},{\"@type\":\"WebPage\",\"@id\":\"https:\/\/eljardinderosas.cl\/inicio\/tienda\/arreglos-florales\/girasoles-importados\/florero-10-varas-girasoles-gerberas-solidago-y-hypericum\/#webpage\",\"url\":\"https:\/\/eljardinderosas.cl\/inicio\/tienda\/arreglos-florales\/girasoles-importados\/florero-10-varas-girasoles-gerberas-solidago-y-hypericum\/\",\"name\":\"Florero 10 varas girasoles gerberas solidago y hypericum - El Jardin de Rosas\",\"isPartOf\":{\"@id\":\"https:\/\/eljardinderosas.cl\/inicio\/#website\"},\"primaryImageOfPage\":{\"@id\":\"https:\/\/eljardinderosas.cl\/inicio\/tienda\/arreglos-florales\/girasoles-importados\/florero-10-varas-girasoles-gerberas-solidago-y-hypericum\/#primaryimage\"},\"datePublished\":\"2020-10-04T22:06:34+00:00\",\"dateModified\":\"2026-01-22T01:32:55+00:00\",\"description\":\"Este arreglo floral transmite felicidad y amor, convirti\\u00e9ndolo en un regalo maravilloso para esa persona especia en san valentin\",\"breadcrumb\":{\"@id\":\"https:\/\/eljardinderosas.cl\/inicio\/tienda\/arreglos-florales\/girasoles-importados\/florero-10-varas-girasoles-gerberas-solidago-y-hypericum\/#breadcrumb\"},\"inLanguage\":\"es\",\"potentialAction\":[{\"@type\":\"ReadAction\",\"target\":[\"https:\/\/eljardinderosas.cl\/inicio\/tienda\/arreglos-florales\/girasoles-importados\/florero-10-varas-girasoles-gerberas-solidago-y-hypericum\/\"]}]},{\"@type\":\"BreadcrumbList\",\"@id\":\"https:\/\/eljardinderosas.cl\/inicio\/tienda\/arreglos-florales\/girasoles-importados\/florero-10-varas-girasoles-gerberas-solidago-y-hypericum\/#breadcrumb\",\"itemListElement\":[{\"@type\":\"ListItem\",\"position\":1,\"name\":\"Home\",\"item\":\"https:\/\/eljardinderosas.cl\/inicio\/\"},{\"@type\":\"ListItem\",\"position\":2,\"name\":\"Tienda\",\"item\":\"https:\/\/eljardinderosas.cl\/inicio\/tienda\/\"},{\"@type\":\"ListItem\",\"position\":3,\"name\":\"Florero 10 varas girasoles gerberas solidago y hypericum\"}]}]}<\/script>\n<!-- \/ Yoast SEO Premium plugin. -->","yoast_head_json":{"title":"Florero 10 varas girasoles gerberas solidago y hypericum - El Jardin de Rosas","description":"Este arreglo floral transmite felicidad y amor, convirti\u00e9ndolo en un regalo maravilloso para esa persona especia en san valentin","robots":{"index":"index","follow":"follow","max-snippet":"max-snippet:-1","max-image-preview":"max-image-preview:large","max-video-preview":"max-video-preview:-1"},"canonical":"https:\/\/eljardinderosas.cl\/inicio\/tienda\/arreglos-florales\/girasoles-importados\/florero-10-varas-girasoles-gerberas-solidago-y-hypericum\/","og_locale":"es_ES","og_type":"article","og_title":"Florero 10 varas girasoles gerberas solidago y hypericum","og_description":"Este arreglo floral transmite felicidad y amor, convirti\u00e9ndolo en un regalo maravilloso para esa persona especia en san valentin","og_url":"https:\/\/eljardinderosas.cl\/inicio\/tienda\/arreglos-florales\/girasoles-importados\/florero-10-varas-girasoles-gerberas-solidago-y-hypericum\/","og_site_name":"El Jardin de Rosas","article_modified_time":"2026-01-22T01:32:55+00:00","og_image":[{"width":1024,"height":1536,"url":"https:\/\/eljardinderosas.cl\/inicio\/wp-content\/uploads\/2020\/10\/FLORERO-CON-GIRASOLES-GERBERAS-SOLIDAGO-Y-HYPERICUM.png","type":"image\/png"}],"twitter_card":"summary_large_image","twitter_misc":{"Tiempo de lectura":"1 minuto"},"schema":{"@context":"https:\/\/schema.org","@graph":[{"@type":"Organization","@id":"https:\/\/eljardinderosas.cl\/inicio\/#organization","name":"El jardin de las rosas","url":"https:\/\/eljardinderosas.cl\/inicio\/","sameAs":["https:\/\/www.instagram.com\/floreria_eljardinderosas\/"],"logo":{"@type":"ImageObject","@id":"https:\/\/eljardinderosas.cl\/inicio\/#logo","inLanguage":"es","url":"https:\/\/eljardinderosas.cl\/inicio\/wp-content\/uploads\/2020\/10\/eljardinderosas-mail.png","contentUrl":"https:\/\/eljardinderosas.cl\/inicio\/wp-content\/uploads\/2020\/10\/eljardinderosas-mail.png","width":317,"height":97,"caption":"El jardin de las rosas"},"image":{"@id":"https:\/\/eljardinderosas.cl\/inicio\/#logo"}},{"@type":"WebSite","@id":"https:\/\/eljardinderosas.cl\/inicio\/#website","url":"https:\/\/eljardinderosas.cl\/inicio\/","name":"Floreria El jardin de las Rosas","description":"Flores en Santiago","publisher":{"@id":"https:\/\/eljardinderosas.cl\/inicio\/#organization"},"potentialAction":[{"@type":"SearchAction","target":{"@type":"EntryPoint","urlTemplate":"https:\/\/eljardinderosas.cl\/inicio\/?s={search_term_string}"},"query-input":"required name=search_term_string"}],"inLanguage":"es"},{"@type":"ImageObject","@id":"https:\/\/eljardinderosas.cl\/inicio\/tienda\/arreglos-florales\/girasoles-importados\/florero-10-varas-girasoles-gerberas-solidago-y-hypericum\/#primaryimage","inLanguage":"es","url":"https:\/\/eljardinderosas.cl\/inicio\/wp-content\/uploads\/2020\/10\/FLORERO-CON-GIRASOLES-GERBERAS-SOLIDAGO-Y-HYPERICUM.png","contentUrl":"https:\/\/eljardinderosas.cl\/inicio\/wp-content\/uploads\/2020\/10\/FLORERO-CON-GIRASOLES-GERBERAS-SOLIDAGO-Y-HYPERICUM.png","width":1024,"height":1536},{"@type":"WebPage","@id":"https:\/\/eljardinderosas.cl\/inicio\/tienda\/arreglos-florales\/girasoles-importados\/florero-10-varas-girasoles-gerberas-solidago-y-hypericum\/#webpage","url":"https:\/\/eljardinderosas.cl\/inicio\/tienda\/arreglos-florales\/girasoles-importados\/florero-10-varas-girasoles-gerberas-solidago-y-hypericum\/","name":"Florero 10 varas girasoles gerberas solidago y hypericum - El Jardin de Rosas","isPartOf":{"@id":"https:\/\/eljardinderosas.cl\/inicio\/#website"},"primaryImageOfPage":{"@id":"https:\/\/eljardinderosas.cl\/inicio\/tienda\/arreglos-florales\/girasoles-importados\/florero-10-varas-girasoles-gerberas-solidago-y-hypericum\/#primaryimage"},"datePublished":"2020-10-04T22:06:34+00:00","dateModified":"2026-01-22T01:32:55+00:00","description":"Este arreglo floral transmite felicidad y amor, convirti\u00e9ndolo en un regalo maravilloso para esa persona especia en san valentin","breadcrumb":{"@id":"https:\/\/eljardinderosas.cl\/inicio\/tienda\/arreglos-florales\/girasoles-importados\/florero-10-varas-girasoles-gerberas-solidago-y-hypericum\/#breadcrumb"},"inLanguage":"es","potentialAction":[{"@type":"ReadAction","target":["https:\/\/eljardinderosas.cl\/inicio\/tienda\/arreglos-florales\/girasoles-importados\/florero-10-varas-girasoles-gerberas-solidago-y-hypericum\/"]}]},{"@type":"BreadcrumbList","@id":"https:\/\/eljardinderosas.cl\/inicio\/tienda\/arreglos-florales\/girasoles-importados\/florero-10-varas-girasoles-gerberas-solidago-y-hypericum\/#breadcrumb","itemListElement":[{"@type":"ListItem","position":1,"name":"Home","item":"https:\/\/eljardinderosas.cl\/inicio\/"},{"@type":"ListItem","position":2,"name":"Tienda","item":"https:\/\/eljardinderosas.cl\/inicio\/tienda\/"},{"@type":"ListItem","position":3,"name":"Florero 10 varas girasoles gerberas solidago y hypericum"}]}]}},"_links":{"self":[{"href":"https:\/\/eljardinderosas.cl\/inicio\/wp-json\/wp\/v2\/product\/409"}],"collection":[{"href":"https:\/\/eljardinderosas.cl\/inicio\/wp-json\/wp\/v2\/product"}],"about":[{"href":"https:\/\/eljardinderosas.cl\/inicio\/wp-json\/wp\/v2\/types\/product"}],"wp:featuredmedia":[{"embeddable":true,"href":"https:\/\/eljardinderosas.cl\/inicio\/wp-json\/wp\/v2\/media\/19704"}],"wp:attachment":[{"href":"https:\/\/eljardinderosas.cl\/inicio\/wp-json\/wp\/v2\/media?parent=409"}],"wp:term":[{"taxonomy":"product_cat","embeddable":true,"href":"https:\/\/eljardinderosas.cl\/inicio\/wp-json\/wp\/v2\/product_cat?post=409"},{"taxonomy":"product_tag","embeddable":true,"href":"https:\/\/eljardinderosas.cl\/inicio\/wp-json\/wp\/v2\/product_tag?post=409"}],"curies":[{"name":"wp","href":"https:\/\/api.w.org\/{rel}","templated":true}]}}