{"id":6258,"date":"2021-01-27T22:26:30","date_gmt":"2021-01-28T01:26:30","guid":{"rendered":"https:\/\/eljardinderosas.cl\/inicio\/?post_type=product&#038;p=6258"},"modified":"2026-02-03T22:44:26","modified_gmt":"2026-02-04T01:44:26","slug":"flores-para-el-dia-de-la-secretaria-20-peonias-surdidas","status":"publish","type":"product","link":"https:\/\/eljardinderosas.cl\/inicio\/tienda\/arreglos-florales\/peonias-fuera-de-temporada\/flores-para-el-dia-de-la-secretaria-20-peonias-surdidas\/","title":{"rendered":"Flores para el dia de la secretaria  20 peonias surdidas"},"content":{"rendered":"<p>\u00bfBuscas una forma especial de expresar tus sentimientos? \u00abRamo grande de 20 peon\u00edas frescas, elegantes y llenas de color. Perfectas para regalar en cumplea\u00f1os, aniversarios o celebraciones especiales. Env\u00edo r\u00e1pido y garant\u00eda de frescura. Dale un toque rom\u00e1ntico y natural a tus momentos con estas flores exclusivas.\u00bb<\/p>\n","protected":false},"excerpt":{"rendered":"<p>\u00bfBuscas una forma especial de expresar tus sentimientos? \u00abRamo grande de 20 peon\u00edas frescas, elegantes y llenas de color. Perfectas para regalar en cumplea\u00f1os, aniversarios o celebraciones especiales. Env\u00edo r\u00e1pido y garant\u00eda de frescura. Dale un toque rom\u00e1ntico y natural a tus momentos con estas flores exclusivas.\u00bb<\/p>\n","protected":false},"featured_media":19334,"template":"","meta":[],"product_cat":[83,121],"product_tag":[],"yoast_head":"<!-- This site is optimized with the Yoast SEO Premium plugin v17.1.2 (Yoast SEO v17.3) - https:\/\/yoast.com\/wordpress\/plugins\/seo\/ -->\n<title>Flores para el dia de la secretaria 20 peonias surdidas - El Jardin de Rosas<\/title>\n<meta name=\"description\" content=\"Ramo 20 peon\u00edas Celebra el D\u00eda de la Secretaria con un elegante s\u00edmbolo perfecto de admiraci\u00f3n, cari\u00f1o y gratitud.\" \/>\n<meta name=\"robots\" content=\"index, follow, max-snippet:-1, max-image-preview:large, max-video-preview:-1\" \/>\n<link rel=\"canonical\" href=\"https:\/\/eljardinderosas.cl\/inicio\/tienda\/arreglos-florales\/peonias-fuera-de-temporada\/flores-para-el-dia-de-la-secretaria-20-peonias-surdidas\/\" \/>\n<meta property=\"og:locale\" content=\"es_ES\" \/>\n<meta property=\"og:type\" content=\"article\" \/>\n<meta property=\"og:title\" content=\"Flores para el dia de la secretaria 20 peonias surdidas\" \/>\n<meta property=\"og:description\" content=\"Ramo 20 peon\u00edas Celebra el D\u00eda de la Secretaria con un elegante s\u00edmbolo perfecto de admiraci\u00f3n, cari\u00f1o y gratitud.\" \/>\n<meta property=\"og:url\" content=\"https:\/\/eljardinderosas.cl\/inicio\/tienda\/arreglos-florales\/peonias-fuera-de-temporada\/flores-para-el-dia-de-la-secretaria-20-peonias-surdidas\/\" \/>\n<meta property=\"og:site_name\" content=\"El Jardin de Rosas\" \/>\n<meta property=\"article:modified_time\" content=\"2026-02-04T01:44:26+00:00\" \/>\n<meta property=\"og:image\" content=\"https:\/\/eljardinderosas.cl\/inicio\/wp-content\/uploads\/2021\/01\/RAMO-GRANDE-DE-20-PEONIAS-SURTIDAS.jpg\" \/>\n\t<meta property=\"og:image:width\" content=\"416\" \/>\n\t<meta property=\"og:image:height\" content=\"416\" \/>\n<meta name=\"twitter:card\" content=\"summary_large_image\" \/>\n<meta name=\"twitter:label1\" content=\"Tiempo de lectura\" \/>\n\t<meta name=\"twitter:data1\" content=\"1 minuto\" \/>\n<script type=\"application\/ld+json\" class=\"yoast-schema-graph\">{\"@context\":\"https:\/\/schema.org\",\"@graph\":[{\"@type\":\"Organization\",\"@id\":\"https:\/\/eljardinderosas.cl\/inicio\/#organization\",\"name\":\"El jardin de las rosas\",\"url\":\"https:\/\/eljardinderosas.cl\/inicio\/\",\"sameAs\":[\"https:\/\/www.instagram.com\/floreria_eljardinderosas\/\"],\"logo\":{\"@type\":\"ImageObject\",\"@id\":\"https:\/\/eljardinderosas.cl\/inicio\/#logo\",\"inLanguage\":\"es\",\"url\":\"https:\/\/eljardinderosas.cl\/inicio\/wp-content\/uploads\/2020\/10\/eljardinderosas-mail.png\",\"contentUrl\":\"https:\/\/eljardinderosas.cl\/inicio\/wp-content\/uploads\/2020\/10\/eljardinderosas-mail.png\",\"width\":317,\"height\":97,\"caption\":\"El jardin de las rosas\"},\"image\":{\"@id\":\"https:\/\/eljardinderosas.cl\/inicio\/#logo\"}},{\"@type\":\"WebSite\",\"@id\":\"https:\/\/eljardinderosas.cl\/inicio\/#website\",\"url\":\"https:\/\/eljardinderosas.cl\/inicio\/\",\"name\":\"Floreria El jardin de las Rosas\",\"description\":\"Flores en Santiago\",\"publisher\":{\"@id\":\"https:\/\/eljardinderosas.cl\/inicio\/#organization\"},\"potentialAction\":[{\"@type\":\"SearchAction\",\"target\":{\"@type\":\"EntryPoint\",\"urlTemplate\":\"https:\/\/eljardinderosas.cl\/inicio\/?s={search_term_string}\"},\"query-input\":\"required name=search_term_string\"}],\"inLanguage\":\"es\"},{\"@type\":\"ImageObject\",\"@id\":\"https:\/\/eljardinderosas.cl\/inicio\/tienda\/arreglos-florales\/peonias-fuera-de-temporada\/flores-para-el-dia-de-la-secretaria-20-peonias-surdidas\/#primaryimage\",\"inLanguage\":\"es\",\"url\":\"https:\/\/eljardinderosas.cl\/inicio\/wp-content\/uploads\/2021\/01\/RAMO-GRANDE-DE-20-PEONIAS-SURTIDAS.jpg\",\"contentUrl\":\"https:\/\/eljardinderosas.cl\/inicio\/wp-content\/uploads\/2021\/01\/RAMO-GRANDE-DE-20-PEONIAS-SURTIDAS.jpg\",\"width\":416,\"height\":416},{\"@type\":\"WebPage\",\"@id\":\"https:\/\/eljardinderosas.cl\/inicio\/tienda\/arreglos-florales\/peonias-fuera-de-temporada\/flores-para-el-dia-de-la-secretaria-20-peonias-surdidas\/#webpage\",\"url\":\"https:\/\/eljardinderosas.cl\/inicio\/tienda\/arreglos-florales\/peonias-fuera-de-temporada\/flores-para-el-dia-de-la-secretaria-20-peonias-surdidas\/\",\"name\":\"Flores para el dia de la secretaria 20 peonias surdidas - El Jardin de Rosas\",\"isPartOf\":{\"@id\":\"https:\/\/eljardinderosas.cl\/inicio\/#website\"},\"primaryImageOfPage\":{\"@id\":\"https:\/\/eljardinderosas.cl\/inicio\/tienda\/arreglos-florales\/peonias-fuera-de-temporada\/flores-para-el-dia-de-la-secretaria-20-peonias-surdidas\/#primaryimage\"},\"datePublished\":\"2021-01-28T01:26:30+00:00\",\"dateModified\":\"2026-02-04T01:44:26+00:00\",\"description\":\"Ramo 20 peon\\u00edas Celebra el D\\u00eda de la Secretaria con un elegante s\\u00edmbolo perfecto de admiraci\\u00f3n, cari\\u00f1o y gratitud.\",\"breadcrumb\":{\"@id\":\"https:\/\/eljardinderosas.cl\/inicio\/tienda\/arreglos-florales\/peonias-fuera-de-temporada\/flores-para-el-dia-de-la-secretaria-20-peonias-surdidas\/#breadcrumb\"},\"inLanguage\":\"es\",\"potentialAction\":[{\"@type\":\"ReadAction\",\"target\":[\"https:\/\/eljardinderosas.cl\/inicio\/tienda\/arreglos-florales\/peonias-fuera-de-temporada\/flores-para-el-dia-de-la-secretaria-20-peonias-surdidas\/\"]}]},{\"@type\":\"BreadcrumbList\",\"@id\":\"https:\/\/eljardinderosas.cl\/inicio\/tienda\/arreglos-florales\/peonias-fuera-de-temporada\/flores-para-el-dia-de-la-secretaria-20-peonias-surdidas\/#breadcrumb\",\"itemListElement\":[{\"@type\":\"ListItem\",\"position\":1,\"name\":\"Home\",\"item\":\"https:\/\/eljardinderosas.cl\/inicio\/\"},{\"@type\":\"ListItem\",\"position\":2,\"name\":\"Tienda\",\"item\":\"https:\/\/eljardinderosas.cl\/inicio\/tienda\/\"},{\"@type\":\"ListItem\",\"position\":3,\"name\":\"Flores para el dia de la secretaria 20 peonias surdidas\"}]}]}<\/script>\n<!-- \/ Yoast SEO Premium plugin. -->","yoast_head_json":{"title":"Flores para el dia de la secretaria 20 peonias surdidas - El Jardin de Rosas","description":"Ramo 20 peon\u00edas Celebra el D\u00eda de la Secretaria con un elegante s\u00edmbolo perfecto de admiraci\u00f3n, cari\u00f1o y gratitud.","robots":{"index":"index","follow":"follow","max-snippet":"max-snippet:-1","max-image-preview":"max-image-preview:large","max-video-preview":"max-video-preview:-1"},"canonical":"https:\/\/eljardinderosas.cl\/inicio\/tienda\/arreglos-florales\/peonias-fuera-de-temporada\/flores-para-el-dia-de-la-secretaria-20-peonias-surdidas\/","og_locale":"es_ES","og_type":"article","og_title":"Flores para el dia de la secretaria 20 peonias surdidas","og_description":"Ramo 20 peon\u00edas Celebra el D\u00eda de la Secretaria con un elegante s\u00edmbolo perfecto de admiraci\u00f3n, cari\u00f1o y gratitud.","og_url":"https:\/\/eljardinderosas.cl\/inicio\/tienda\/arreglos-florales\/peonias-fuera-de-temporada\/flores-para-el-dia-de-la-secretaria-20-peonias-surdidas\/","og_site_name":"El Jardin de Rosas","article_modified_time":"2026-02-04T01:44:26+00:00","og_image":[{"width":416,"height":416,"url":"https:\/\/eljardinderosas.cl\/inicio\/wp-content\/uploads\/2021\/01\/RAMO-GRANDE-DE-20-PEONIAS-SURTIDAS.jpg","type":"image\/jpeg"}],"twitter_card":"summary_large_image","twitter_misc":{"Tiempo de lectura":"1 minuto"},"schema":{"@context":"https:\/\/schema.org","@graph":[{"@type":"Organization","@id":"https:\/\/eljardinderosas.cl\/inicio\/#organization","name":"El jardin de las rosas","url":"https:\/\/eljardinderosas.cl\/inicio\/","sameAs":["https:\/\/www.instagram.com\/floreria_eljardinderosas\/"],"logo":{"@type":"ImageObject","@id":"https:\/\/eljardinderosas.cl\/inicio\/#logo","inLanguage":"es","url":"https:\/\/eljardinderosas.cl\/inicio\/wp-content\/uploads\/2020\/10\/eljardinderosas-mail.png","contentUrl":"https:\/\/eljardinderosas.cl\/inicio\/wp-content\/uploads\/2020\/10\/eljardinderosas-mail.png","width":317,"height":97,"caption":"El jardin de las rosas"},"image":{"@id":"https:\/\/eljardinderosas.cl\/inicio\/#logo"}},{"@type":"WebSite","@id":"https:\/\/eljardinderosas.cl\/inicio\/#website","url":"https:\/\/eljardinderosas.cl\/inicio\/","name":"Floreria El jardin de las Rosas","description":"Flores en Santiago","publisher":{"@id":"https:\/\/eljardinderosas.cl\/inicio\/#organization"},"potentialAction":[{"@type":"SearchAction","target":{"@type":"EntryPoint","urlTemplate":"https:\/\/eljardinderosas.cl\/inicio\/?s={search_term_string}"},"query-input":"required name=search_term_string"}],"inLanguage":"es"},{"@type":"ImageObject","@id":"https:\/\/eljardinderosas.cl\/inicio\/tienda\/arreglos-florales\/peonias-fuera-de-temporada\/flores-para-el-dia-de-la-secretaria-20-peonias-surdidas\/#primaryimage","inLanguage":"es","url":"https:\/\/eljardinderosas.cl\/inicio\/wp-content\/uploads\/2021\/01\/RAMO-GRANDE-DE-20-PEONIAS-SURTIDAS.jpg","contentUrl":"https:\/\/eljardinderosas.cl\/inicio\/wp-content\/uploads\/2021\/01\/RAMO-GRANDE-DE-20-PEONIAS-SURTIDAS.jpg","width":416,"height":416},{"@type":"WebPage","@id":"https:\/\/eljardinderosas.cl\/inicio\/tienda\/arreglos-florales\/peonias-fuera-de-temporada\/flores-para-el-dia-de-la-secretaria-20-peonias-surdidas\/#webpage","url":"https:\/\/eljardinderosas.cl\/inicio\/tienda\/arreglos-florales\/peonias-fuera-de-temporada\/flores-para-el-dia-de-la-secretaria-20-peonias-surdidas\/","name":"Flores para el dia de la secretaria 20 peonias surdidas - El Jardin de Rosas","isPartOf":{"@id":"https:\/\/eljardinderosas.cl\/inicio\/#website"},"primaryImageOfPage":{"@id":"https:\/\/eljardinderosas.cl\/inicio\/tienda\/arreglos-florales\/peonias-fuera-de-temporada\/flores-para-el-dia-de-la-secretaria-20-peonias-surdidas\/#primaryimage"},"datePublished":"2021-01-28T01:26:30+00:00","dateModified":"2026-02-04T01:44:26+00:00","description":"Ramo 20 peon\u00edas Celebra el D\u00eda de la Secretaria con un elegante s\u00edmbolo perfecto de admiraci\u00f3n, cari\u00f1o y gratitud.","breadcrumb":{"@id":"https:\/\/eljardinderosas.cl\/inicio\/tienda\/arreglos-florales\/peonias-fuera-de-temporada\/flores-para-el-dia-de-la-secretaria-20-peonias-surdidas\/#breadcrumb"},"inLanguage":"es","potentialAction":[{"@type":"ReadAction","target":["https:\/\/eljardinderosas.cl\/inicio\/tienda\/arreglos-florales\/peonias-fuera-de-temporada\/flores-para-el-dia-de-la-secretaria-20-peonias-surdidas\/"]}]},{"@type":"BreadcrumbList","@id":"https:\/\/eljardinderosas.cl\/inicio\/tienda\/arreglos-florales\/peonias-fuera-de-temporada\/flores-para-el-dia-de-la-secretaria-20-peonias-surdidas\/#breadcrumb","itemListElement":[{"@type":"ListItem","position":1,"name":"Home","item":"https:\/\/eljardinderosas.cl\/inicio\/"},{"@type":"ListItem","position":2,"name":"Tienda","item":"https:\/\/eljardinderosas.cl\/inicio\/tienda\/"},{"@type":"ListItem","position":3,"name":"Flores para el dia de la secretaria 20 peonias surdidas"}]}]}},"_links":{"self":[{"href":"https:\/\/eljardinderosas.cl\/inicio\/wp-json\/wp\/v2\/product\/6258"}],"collection":[{"href":"https:\/\/eljardinderosas.cl\/inicio\/wp-json\/wp\/v2\/product"}],"about":[{"href":"https:\/\/eljardinderosas.cl\/inicio\/wp-json\/wp\/v2\/types\/product"}],"wp:featuredmedia":[{"embeddable":true,"href":"https:\/\/eljardinderosas.cl\/inicio\/wp-json\/wp\/v2\/media\/19334"}],"wp:attachment":[{"href":"https:\/\/eljardinderosas.cl\/inicio\/wp-json\/wp\/v2\/media?parent=6258"}],"wp:term":[{"taxonomy":"product_cat","embeddable":true,"href":"https:\/\/eljardinderosas.cl\/inicio\/wp-json\/wp\/v2\/product_cat?post=6258"},{"taxonomy":"product_tag","embeddable":true,"href":"https:\/\/eljardinderosas.cl\/inicio\/wp-json\/wp\/v2\/product_tag?post=6258"}],"curies":[{"name":"wp","href":"https:\/\/api.w.org\/{rel}","templated":true}]}}