{"id":666,"date":"2020-10-12T09:44:36","date_gmt":"2020-10-12T12:44:36","guid":{"rendered":"https:\/\/eljardinderosas.cl\/inicio\/?post_type=product&#038;p=666"},"modified":"2026-02-03T22:44:35","modified_gmt":"2026-02-04T01:44:35","slug":"pecera-en-florero-con-20-bellas-peonias-a-domicilio","status":"publish","type":"product","link":"https:\/\/eljardinderosas.cl\/inicio\/tienda\/arreglos-florales\/peonias-fuera-de-temporada\/pecera-en-florero-con-20-bellas-peonias-a-domicilio\/","title":{"rendered":"Pecera en florero con 20 Bellas P\u00e9onias a domicilio"},"content":{"rendered":"<p>Hermoso arreglo con 20 bellas flores peonias en un fino florero en forma de pecera si Buscas una forma especial de expresar tus sentimientos? Nuestros arreglos de peon\u00edas son la elecci\u00f3n perfecta. Con su elegancia y fragancia cautivadora, estas flores simbolizan el amor y la felicidad, convirti\u00e9ndose en el regalo ideal para cualquier ocasi\u00f3n.<\/p>\n","protected":false},"excerpt":{"rendered":"<p>Las peon\u00edas simbolizan la prosperidad y el amor, convirti\u00e9ndolas en un regalo significativo, embellece cualquier espacio, sino que tambi\u00e9n transmite un mensaje de devoci\u00f3n y afecto profundo. Ideal para sorprender a esa persona especial.<\/p>\n","protected":false},"featured_media":667,"template":"","meta":[],"product_cat":[83],"product_tag":[114,117,138,113,140,143,110],"yoast_head":"<!-- This site is optimized with the Yoast SEO Premium plugin v17.1.2 (Yoast SEO v17.3) - https:\/\/yoast.com\/wordpress\/plugins\/seo\/ -->\n<title>Pecera en florero con 20 Bellas P\u00e9onias a domicilio - El Jardin de Rosas<\/title>\n<meta name=\"robots\" content=\"index, follow, max-snippet:-1, max-image-preview:large, max-video-preview:-1\" \/>\n<link rel=\"canonical\" href=\"https:\/\/eljardinderosas.cl\/inicio\/tienda\/arreglos-florales\/peonias-fuera-de-temporada\/pecera-en-florero-con-20-bellas-peonias-a-domicilio\/\" \/>\n<meta property=\"og:locale\" content=\"es_ES\" \/>\n<meta property=\"og:type\" content=\"article\" \/>\n<meta property=\"og:title\" content=\"Pecera en florero con 20 Bellas P\u00e9onias a domicilio\" \/>\n<meta property=\"og:description\" content=\"Las peon\u00edas simbolizan la prosperidad y el amor, convirti\u00e9ndolas en un regalo significativo, embellece cualquier espacio, sino que tambi\u00e9n transmite un mensaje de devoci\u00f3n y afecto profundo. Ideal para sorprender a esa persona especial.\" \/>\n<meta property=\"og:url\" content=\"https:\/\/eljardinderosas.cl\/inicio\/tienda\/arreglos-florales\/peonias-fuera-de-temporada\/pecera-en-florero-con-20-bellas-peonias-a-domicilio\/\" \/>\n<meta property=\"og:site_name\" content=\"El Jardin de Rosas\" \/>\n<meta property=\"article:modified_time\" content=\"2026-02-04T01:44:35+00:00\" \/>\n<meta property=\"og:image\" content=\"https:\/\/eljardinderosas.cl\/inicio\/wp-content\/uploads\/2020\/10\/peonias4.jpg\" \/>\n\t<meta property=\"og:image:width\" content=\"736\" \/>\n\t<meta property=\"og:image:height\" content=\"920\" \/>\n<meta name=\"twitter:card\" content=\"summary_large_image\" \/>\n<meta name=\"twitter:label1\" content=\"Tiempo de lectura\" \/>\n\t<meta name=\"twitter:data1\" content=\"1 minuto\" \/>\n<script type=\"application\/ld+json\" class=\"yoast-schema-graph\">{\"@context\":\"https:\/\/schema.org\",\"@graph\":[{\"@type\":\"Organization\",\"@id\":\"https:\/\/eljardinderosas.cl\/inicio\/#organization\",\"name\":\"El jardin de las rosas\",\"url\":\"https:\/\/eljardinderosas.cl\/inicio\/\",\"sameAs\":[\"https:\/\/www.instagram.com\/floreria_eljardinderosas\/\"],\"logo\":{\"@type\":\"ImageObject\",\"@id\":\"https:\/\/eljardinderosas.cl\/inicio\/#logo\",\"inLanguage\":\"es\",\"url\":\"https:\/\/eljardinderosas.cl\/inicio\/wp-content\/uploads\/2020\/10\/eljardinderosas-mail.png\",\"contentUrl\":\"https:\/\/eljardinderosas.cl\/inicio\/wp-content\/uploads\/2020\/10\/eljardinderosas-mail.png\",\"width\":317,\"height\":97,\"caption\":\"El jardin de las rosas\"},\"image\":{\"@id\":\"https:\/\/eljardinderosas.cl\/inicio\/#logo\"}},{\"@type\":\"WebSite\",\"@id\":\"https:\/\/eljardinderosas.cl\/inicio\/#website\",\"url\":\"https:\/\/eljardinderosas.cl\/inicio\/\",\"name\":\"Floreria El jardin de las Rosas\",\"description\":\"Flores en Santiago\",\"publisher\":{\"@id\":\"https:\/\/eljardinderosas.cl\/inicio\/#organization\"},\"potentialAction\":[{\"@type\":\"SearchAction\",\"target\":{\"@type\":\"EntryPoint\",\"urlTemplate\":\"https:\/\/eljardinderosas.cl\/inicio\/?s={search_term_string}\"},\"query-input\":\"required name=search_term_string\"}],\"inLanguage\":\"es\"},{\"@type\":\"ImageObject\",\"@id\":\"https:\/\/eljardinderosas.cl\/inicio\/tienda\/arreglos-florales\/peonias-fuera-de-temporada\/pecera-en-florero-con-20-bellas-peonias-a-domicilio\/#primaryimage\",\"inLanguage\":\"es\",\"url\":\"https:\/\/eljardinderosas.cl\/inicio\/wp-content\/uploads\/2020\/10\/peonias4.jpg\",\"contentUrl\":\"https:\/\/eljardinderosas.cl\/inicio\/wp-content\/uploads\/2020\/10\/peonias4.jpg\",\"width\":736,\"height\":920},{\"@type\":\"WebPage\",\"@id\":\"https:\/\/eljardinderosas.cl\/inicio\/tienda\/arreglos-florales\/peonias-fuera-de-temporada\/pecera-en-florero-con-20-bellas-peonias-a-domicilio\/#webpage\",\"url\":\"https:\/\/eljardinderosas.cl\/inicio\/tienda\/arreglos-florales\/peonias-fuera-de-temporada\/pecera-en-florero-con-20-bellas-peonias-a-domicilio\/\",\"name\":\"Pecera en florero con 20 Bellas P\\u00e9onias a domicilio - El Jardin de Rosas\",\"isPartOf\":{\"@id\":\"https:\/\/eljardinderosas.cl\/inicio\/#website\"},\"primaryImageOfPage\":{\"@id\":\"https:\/\/eljardinderosas.cl\/inicio\/tienda\/arreglos-florales\/peonias-fuera-de-temporada\/pecera-en-florero-con-20-bellas-peonias-a-domicilio\/#primaryimage\"},\"datePublished\":\"2020-10-12T12:44:36+00:00\",\"dateModified\":\"2026-02-04T01:44:35+00:00\",\"breadcrumb\":{\"@id\":\"https:\/\/eljardinderosas.cl\/inicio\/tienda\/arreglos-florales\/peonias-fuera-de-temporada\/pecera-en-florero-con-20-bellas-peonias-a-domicilio\/#breadcrumb\"},\"inLanguage\":\"es\",\"potentialAction\":[{\"@type\":\"ReadAction\",\"target\":[\"https:\/\/eljardinderosas.cl\/inicio\/tienda\/arreglos-florales\/peonias-fuera-de-temporada\/pecera-en-florero-con-20-bellas-peonias-a-domicilio\/\"]}]},{\"@type\":\"BreadcrumbList\",\"@id\":\"https:\/\/eljardinderosas.cl\/inicio\/tienda\/arreglos-florales\/peonias-fuera-de-temporada\/pecera-en-florero-con-20-bellas-peonias-a-domicilio\/#breadcrumb\",\"itemListElement\":[{\"@type\":\"ListItem\",\"position\":1,\"name\":\"Home\",\"item\":\"https:\/\/eljardinderosas.cl\/inicio\/\"},{\"@type\":\"ListItem\",\"position\":2,\"name\":\"Tienda\",\"item\":\"https:\/\/eljardinderosas.cl\/inicio\/tienda\/\"},{\"@type\":\"ListItem\",\"position\":3,\"name\":\"Pecera en florero con 20 Bellas P\\u00e9onias a domicilio\"}]}]}<\/script>\n<!-- \/ Yoast SEO Premium plugin. -->","yoast_head_json":{"title":"Pecera en florero con 20 Bellas P\u00e9onias a domicilio - El Jardin de Rosas","robots":{"index":"index","follow":"follow","max-snippet":"max-snippet:-1","max-image-preview":"max-image-preview:large","max-video-preview":"max-video-preview:-1"},"canonical":"https:\/\/eljardinderosas.cl\/inicio\/tienda\/arreglos-florales\/peonias-fuera-de-temporada\/pecera-en-florero-con-20-bellas-peonias-a-domicilio\/","og_locale":"es_ES","og_type":"article","og_title":"Pecera en florero con 20 Bellas P\u00e9onias a domicilio","og_description":"Las peon\u00edas simbolizan la prosperidad y el amor, convirti\u00e9ndolas en un regalo significativo, embellece cualquier espacio, sino que tambi\u00e9n transmite un mensaje de devoci\u00f3n y afecto profundo. Ideal para sorprender a esa persona especial.","og_url":"https:\/\/eljardinderosas.cl\/inicio\/tienda\/arreglos-florales\/peonias-fuera-de-temporada\/pecera-en-florero-con-20-bellas-peonias-a-domicilio\/","og_site_name":"El Jardin de Rosas","article_modified_time":"2026-02-04T01:44:35+00:00","og_image":[{"width":736,"height":920,"url":"https:\/\/eljardinderosas.cl\/inicio\/wp-content\/uploads\/2020\/10\/peonias4.jpg","type":"image\/jpeg"}],"twitter_card":"summary_large_image","twitter_misc":{"Tiempo de lectura":"1 minuto"},"schema":{"@context":"https:\/\/schema.org","@graph":[{"@type":"Organization","@id":"https:\/\/eljardinderosas.cl\/inicio\/#organization","name":"El jardin de las rosas","url":"https:\/\/eljardinderosas.cl\/inicio\/","sameAs":["https:\/\/www.instagram.com\/floreria_eljardinderosas\/"],"logo":{"@type":"ImageObject","@id":"https:\/\/eljardinderosas.cl\/inicio\/#logo","inLanguage":"es","url":"https:\/\/eljardinderosas.cl\/inicio\/wp-content\/uploads\/2020\/10\/eljardinderosas-mail.png","contentUrl":"https:\/\/eljardinderosas.cl\/inicio\/wp-content\/uploads\/2020\/10\/eljardinderosas-mail.png","width":317,"height":97,"caption":"El jardin de las rosas"},"image":{"@id":"https:\/\/eljardinderosas.cl\/inicio\/#logo"}},{"@type":"WebSite","@id":"https:\/\/eljardinderosas.cl\/inicio\/#website","url":"https:\/\/eljardinderosas.cl\/inicio\/","name":"Floreria El jardin de las Rosas","description":"Flores en Santiago","publisher":{"@id":"https:\/\/eljardinderosas.cl\/inicio\/#organization"},"potentialAction":[{"@type":"SearchAction","target":{"@type":"EntryPoint","urlTemplate":"https:\/\/eljardinderosas.cl\/inicio\/?s={search_term_string}"},"query-input":"required name=search_term_string"}],"inLanguage":"es"},{"@type":"ImageObject","@id":"https:\/\/eljardinderosas.cl\/inicio\/tienda\/arreglos-florales\/peonias-fuera-de-temporada\/pecera-en-florero-con-20-bellas-peonias-a-domicilio\/#primaryimage","inLanguage":"es","url":"https:\/\/eljardinderosas.cl\/inicio\/wp-content\/uploads\/2020\/10\/peonias4.jpg","contentUrl":"https:\/\/eljardinderosas.cl\/inicio\/wp-content\/uploads\/2020\/10\/peonias4.jpg","width":736,"height":920},{"@type":"WebPage","@id":"https:\/\/eljardinderosas.cl\/inicio\/tienda\/arreglos-florales\/peonias-fuera-de-temporada\/pecera-en-florero-con-20-bellas-peonias-a-domicilio\/#webpage","url":"https:\/\/eljardinderosas.cl\/inicio\/tienda\/arreglos-florales\/peonias-fuera-de-temporada\/pecera-en-florero-con-20-bellas-peonias-a-domicilio\/","name":"Pecera en florero con 20 Bellas P\u00e9onias a domicilio - El Jardin de Rosas","isPartOf":{"@id":"https:\/\/eljardinderosas.cl\/inicio\/#website"},"primaryImageOfPage":{"@id":"https:\/\/eljardinderosas.cl\/inicio\/tienda\/arreglos-florales\/peonias-fuera-de-temporada\/pecera-en-florero-con-20-bellas-peonias-a-domicilio\/#primaryimage"},"datePublished":"2020-10-12T12:44:36+00:00","dateModified":"2026-02-04T01:44:35+00:00","breadcrumb":{"@id":"https:\/\/eljardinderosas.cl\/inicio\/tienda\/arreglos-florales\/peonias-fuera-de-temporada\/pecera-en-florero-con-20-bellas-peonias-a-domicilio\/#breadcrumb"},"inLanguage":"es","potentialAction":[{"@type":"ReadAction","target":["https:\/\/eljardinderosas.cl\/inicio\/tienda\/arreglos-florales\/peonias-fuera-de-temporada\/pecera-en-florero-con-20-bellas-peonias-a-domicilio\/"]}]},{"@type":"BreadcrumbList","@id":"https:\/\/eljardinderosas.cl\/inicio\/tienda\/arreglos-florales\/peonias-fuera-de-temporada\/pecera-en-florero-con-20-bellas-peonias-a-domicilio\/#breadcrumb","itemListElement":[{"@type":"ListItem","position":1,"name":"Home","item":"https:\/\/eljardinderosas.cl\/inicio\/"},{"@type":"ListItem","position":2,"name":"Tienda","item":"https:\/\/eljardinderosas.cl\/inicio\/tienda\/"},{"@type":"ListItem","position":3,"name":"Pecera en florero con 20 Bellas P\u00e9onias a domicilio"}]}]}},"_links":{"self":[{"href":"https:\/\/eljardinderosas.cl\/inicio\/wp-json\/wp\/v2\/product\/666"}],"collection":[{"href":"https:\/\/eljardinderosas.cl\/inicio\/wp-json\/wp\/v2\/product"}],"about":[{"href":"https:\/\/eljardinderosas.cl\/inicio\/wp-json\/wp\/v2\/types\/product"}],"wp:featuredmedia":[{"embeddable":true,"href":"https:\/\/eljardinderosas.cl\/inicio\/wp-json\/wp\/v2\/media\/667"}],"wp:attachment":[{"href":"https:\/\/eljardinderosas.cl\/inicio\/wp-json\/wp\/v2\/media?parent=666"}],"wp:term":[{"taxonomy":"product_cat","embeddable":true,"href":"https:\/\/eljardinderosas.cl\/inicio\/wp-json\/wp\/v2\/product_cat?post=666"},{"taxonomy":"product_tag","embeddable":true,"href":"https:\/\/eljardinderosas.cl\/inicio\/wp-json\/wp\/v2\/product_tag?post=666"}],"curies":[{"name":"wp","href":"https:\/\/api.w.org\/{rel}","templated":true}]}}