{"id":694,"date":"2020-10-12T10:24:19","date_gmt":"2020-10-12T13:24:19","guid":{"rendered":"https:\/\/eljardinderosas.cl\/inicio\/?post_type=product&#038;p=694"},"modified":"2025-02-10T20:06:51","modified_gmt":"2025-02-10T23:06:51","slug":"canasta-con-25-rosas-rojas-peluche-y-bombones-ferreros","status":"publish","type":"product","link":"https:\/\/eljardinderosas.cl\/inicio\/tienda\/arreglos-florales\/rosas\/canasta-con-25-rosas-rojas-peluche-y-bombones-ferreros\/","title":{"rendered":"canasta con 25 rosas rojas , peluche y bombones ferreros"},"content":{"rendered":"<p>Emb\u00e1rcate en un viaje m\u00e1gico\u00a0 este 14 de febrero dia de los enamorados a trav\u00e9s de nuestros cautivadores arreglos florales, cuidadosamente colocados en exquisita canasta\u00a0 de mimbre\u00a0 con 25 bellas rosas rojas acompa\u00f1ada por tierno peluche y exquisitos y deliciosos bombones Ferrero Rocher, este regalo es una experiencia sensorial \u00fanica Esta es la soluci\u00f3n perfecta para aquellos que buscan un regalo listo para impresionar desde el primer instante. Perm\u00edtenos a\u00f1adir un toque de belleza y comodidad a tus obsequios, con nuestras creaciones que te transportar\u00e1n a un mundo de elegancia y encanto. con nuestras flores a domicilio. Viene acompa\u00f1ado de una hermosa tarjeta donde podr\u00e1s expresar tus sentimientos de amor de una manera \u00fanica. Porque amar no tiene fronteras, y cada d\u00eda es una oportunidad para celebrar el amor en todas sus formas.14 de febrero es el dia ideal para celebrar dia de los enamorados despacho en todo Santiago<\/p>\n","protected":false},"excerpt":{"rendered":"<p> El regalo perfecto para expresar tu amor y hacer feliz a esa persona especial! \u00a1Un detalle sorpresa que lo dejar\u00e1 sin palabras! .Piensa en la sonrisa en el rostro de tu ser amado al recibir este incre\u00edble ramo de rosas rojas. \u00a1No esperes m\u00e1s y haz tu pedido ahora mismo! Te garantizamos  que este  dejar\u00e1 huella!<\/p>\n","protected":false},"featured_media":15914,"template":"","meta":[],"product_cat":[71,84,189],"product_tag":[187,138,177,185],"yoast_head":"<!-- This site is optimized with the Yoast SEO Premium plugin v17.1.2 (Yoast SEO v17.3) - https:\/\/yoast.com\/wordpress\/plugins\/seo\/ -->\n<title>canasta con 25 rosas rojas , peluche y bombones ferreros - El Jardin de Rosas<\/title>\n<meta name=\"robots\" content=\"index, follow, max-snippet:-1, max-image-preview:large, max-video-preview:-1\" \/>\n<link rel=\"canonical\" href=\"https:\/\/eljardinderosas.cl\/inicio\/tienda\/arreglos-florales\/rosas\/canasta-con-25-rosas-rojas-peluche-y-bombones-ferreros\/\" \/>\n<meta property=\"og:locale\" content=\"es_ES\" \/>\n<meta property=\"og:type\" content=\"article\" \/>\n<meta property=\"og:title\" content=\"canasta con 25 rosas rojas , peluche y bombones ferreros\" \/>\n<meta property=\"og:description\" content=\"El regalo perfecto para expresar tu amor y hacer feliz a esa persona especial! \u00a1Un detalle sorpresa que lo dejar\u00e1 sin palabras! .Piensa en la sonrisa en el rostro de tu ser amado al recibir este incre\u00edble ramo de rosas rojas. \u00a1No esperes m\u00e1s y haz tu pedido ahora mismo! Te garantizamos que este dejar\u00e1 huella!\" \/>\n<meta property=\"og:url\" content=\"https:\/\/eljardinderosas.cl\/inicio\/tienda\/arreglos-florales\/rosas\/canasta-con-25-rosas-rojas-peluche-y-bombones-ferreros\/\" \/>\n<meta property=\"og:site_name\" content=\"El Jardin de Rosas\" \/>\n<meta property=\"article:modified_time\" content=\"2025-02-10T23:06:51+00:00\" \/>\n<meta property=\"og:image\" content=\"https:\/\/eljardinderosas.cl\/inicio\/wp-content\/uploads\/2020\/10\/CANASTA-CON-25-ROSAS-PELUCHE-U-FERREROS.png\" \/>\n\t<meta property=\"og:image:width\" content=\"500\" \/>\n\t<meta property=\"og:image:height\" content=\"500\" \/>\n<meta name=\"twitter:card\" content=\"summary_large_image\" \/>\n<meta name=\"twitter:label1\" content=\"Tiempo de lectura\" \/>\n\t<meta name=\"twitter:data1\" content=\"1 minuto\" \/>\n<script type=\"application\/ld+json\" class=\"yoast-schema-graph\">{\"@context\":\"https:\/\/schema.org\",\"@graph\":[{\"@type\":\"Organization\",\"@id\":\"https:\/\/eljardinderosas.cl\/inicio\/#organization\",\"name\":\"El jardin de las rosas\",\"url\":\"https:\/\/eljardinderosas.cl\/inicio\/\",\"sameAs\":[\"https:\/\/www.instagram.com\/floreria_eljardinderosas\/\"],\"logo\":{\"@type\":\"ImageObject\",\"@id\":\"https:\/\/eljardinderosas.cl\/inicio\/#logo\",\"inLanguage\":\"es\",\"url\":\"https:\/\/eljardinderosas.cl\/inicio\/wp-content\/uploads\/2020\/10\/eljardinderosas-mail.png\",\"contentUrl\":\"https:\/\/eljardinderosas.cl\/inicio\/wp-content\/uploads\/2020\/10\/eljardinderosas-mail.png\",\"width\":317,\"height\":97,\"caption\":\"El jardin de las rosas\"},\"image\":{\"@id\":\"https:\/\/eljardinderosas.cl\/inicio\/#logo\"}},{\"@type\":\"WebSite\",\"@id\":\"https:\/\/eljardinderosas.cl\/inicio\/#website\",\"url\":\"https:\/\/eljardinderosas.cl\/inicio\/\",\"name\":\"Floreria El jardin de las Rosas\",\"description\":\"Flores en Santiago\",\"publisher\":{\"@id\":\"https:\/\/eljardinderosas.cl\/inicio\/#organization\"},\"potentialAction\":[{\"@type\":\"SearchAction\",\"target\":{\"@type\":\"EntryPoint\",\"urlTemplate\":\"https:\/\/eljardinderosas.cl\/inicio\/?s={search_term_string}\"},\"query-input\":\"required name=search_term_string\"}],\"inLanguage\":\"es\"},{\"@type\":\"ImageObject\",\"@id\":\"https:\/\/eljardinderosas.cl\/inicio\/tienda\/arreglos-florales\/rosas\/canasta-con-25-rosas-rojas-peluche-y-bombones-ferreros\/#primaryimage\",\"inLanguage\":\"es\",\"url\":\"https:\/\/eljardinderosas.cl\/inicio\/wp-content\/uploads\/2020\/10\/CANASTA-CON-25-ROSAS-PELUCHE-U-FERREROS.png\",\"contentUrl\":\"https:\/\/eljardinderosas.cl\/inicio\/wp-content\/uploads\/2020\/10\/CANASTA-CON-25-ROSAS-PELUCHE-U-FERREROS.png\",\"width\":500,\"height\":500},{\"@type\":\"WebPage\",\"@id\":\"https:\/\/eljardinderosas.cl\/inicio\/tienda\/arreglos-florales\/rosas\/canasta-con-25-rosas-rojas-peluche-y-bombones-ferreros\/#webpage\",\"url\":\"https:\/\/eljardinderosas.cl\/inicio\/tienda\/arreglos-florales\/rosas\/canasta-con-25-rosas-rojas-peluche-y-bombones-ferreros\/\",\"name\":\"canasta con 25 rosas rojas , peluche y bombones ferreros - El Jardin de Rosas\",\"isPartOf\":{\"@id\":\"https:\/\/eljardinderosas.cl\/inicio\/#website\"},\"primaryImageOfPage\":{\"@id\":\"https:\/\/eljardinderosas.cl\/inicio\/tienda\/arreglos-florales\/rosas\/canasta-con-25-rosas-rojas-peluche-y-bombones-ferreros\/#primaryimage\"},\"datePublished\":\"2020-10-12T13:24:19+00:00\",\"dateModified\":\"2025-02-10T23:06:51+00:00\",\"breadcrumb\":{\"@id\":\"https:\/\/eljardinderosas.cl\/inicio\/tienda\/arreglos-florales\/rosas\/canasta-con-25-rosas-rojas-peluche-y-bombones-ferreros\/#breadcrumb\"},\"inLanguage\":\"es\",\"potentialAction\":[{\"@type\":\"ReadAction\",\"target\":[\"https:\/\/eljardinderosas.cl\/inicio\/tienda\/arreglos-florales\/rosas\/canasta-con-25-rosas-rojas-peluche-y-bombones-ferreros\/\"]}]},{\"@type\":\"BreadcrumbList\",\"@id\":\"https:\/\/eljardinderosas.cl\/inicio\/tienda\/arreglos-florales\/rosas\/canasta-con-25-rosas-rojas-peluche-y-bombones-ferreros\/#breadcrumb\",\"itemListElement\":[{\"@type\":\"ListItem\",\"position\":1,\"name\":\"Home\",\"item\":\"https:\/\/eljardinderosas.cl\/inicio\/\"},{\"@type\":\"ListItem\",\"position\":2,\"name\":\"Tienda\",\"item\":\"https:\/\/eljardinderosas.cl\/inicio\/tienda\/\"},{\"@type\":\"ListItem\",\"position\":3,\"name\":\"canasta con 25 rosas rojas , peluche y bombones ferreros\"}]}]}<\/script>\n<!-- \/ Yoast SEO Premium plugin. -->","yoast_head_json":{"title":"canasta con 25 rosas rojas , peluche y bombones ferreros - El Jardin de Rosas","robots":{"index":"index","follow":"follow","max-snippet":"max-snippet:-1","max-image-preview":"max-image-preview:large","max-video-preview":"max-video-preview:-1"},"canonical":"https:\/\/eljardinderosas.cl\/inicio\/tienda\/arreglos-florales\/rosas\/canasta-con-25-rosas-rojas-peluche-y-bombones-ferreros\/","og_locale":"es_ES","og_type":"article","og_title":"canasta con 25 rosas rojas , peluche y bombones ferreros","og_description":"El regalo perfecto para expresar tu amor y hacer feliz a esa persona especial! \u00a1Un detalle sorpresa que lo dejar\u00e1 sin palabras! .Piensa en la sonrisa en el rostro de tu ser amado al recibir este incre\u00edble ramo de rosas rojas. \u00a1No esperes m\u00e1s y haz tu pedido ahora mismo! Te garantizamos que este dejar\u00e1 huella!","og_url":"https:\/\/eljardinderosas.cl\/inicio\/tienda\/arreglos-florales\/rosas\/canasta-con-25-rosas-rojas-peluche-y-bombones-ferreros\/","og_site_name":"El Jardin de Rosas","article_modified_time":"2025-02-10T23:06:51+00:00","og_image":[{"width":500,"height":500,"url":"https:\/\/eljardinderosas.cl\/inicio\/wp-content\/uploads\/2020\/10\/CANASTA-CON-25-ROSAS-PELUCHE-U-FERREROS.png","type":"image\/png"}],"twitter_card":"summary_large_image","twitter_misc":{"Tiempo de lectura":"1 minuto"},"schema":{"@context":"https:\/\/schema.org","@graph":[{"@type":"Organization","@id":"https:\/\/eljardinderosas.cl\/inicio\/#organization","name":"El jardin de las rosas","url":"https:\/\/eljardinderosas.cl\/inicio\/","sameAs":["https:\/\/www.instagram.com\/floreria_eljardinderosas\/"],"logo":{"@type":"ImageObject","@id":"https:\/\/eljardinderosas.cl\/inicio\/#logo","inLanguage":"es","url":"https:\/\/eljardinderosas.cl\/inicio\/wp-content\/uploads\/2020\/10\/eljardinderosas-mail.png","contentUrl":"https:\/\/eljardinderosas.cl\/inicio\/wp-content\/uploads\/2020\/10\/eljardinderosas-mail.png","width":317,"height":97,"caption":"El jardin de las rosas"},"image":{"@id":"https:\/\/eljardinderosas.cl\/inicio\/#logo"}},{"@type":"WebSite","@id":"https:\/\/eljardinderosas.cl\/inicio\/#website","url":"https:\/\/eljardinderosas.cl\/inicio\/","name":"Floreria El jardin de las Rosas","description":"Flores en Santiago","publisher":{"@id":"https:\/\/eljardinderosas.cl\/inicio\/#organization"},"potentialAction":[{"@type":"SearchAction","target":{"@type":"EntryPoint","urlTemplate":"https:\/\/eljardinderosas.cl\/inicio\/?s={search_term_string}"},"query-input":"required name=search_term_string"}],"inLanguage":"es"},{"@type":"ImageObject","@id":"https:\/\/eljardinderosas.cl\/inicio\/tienda\/arreglos-florales\/rosas\/canasta-con-25-rosas-rojas-peluche-y-bombones-ferreros\/#primaryimage","inLanguage":"es","url":"https:\/\/eljardinderosas.cl\/inicio\/wp-content\/uploads\/2020\/10\/CANASTA-CON-25-ROSAS-PELUCHE-U-FERREROS.png","contentUrl":"https:\/\/eljardinderosas.cl\/inicio\/wp-content\/uploads\/2020\/10\/CANASTA-CON-25-ROSAS-PELUCHE-U-FERREROS.png","width":500,"height":500},{"@type":"WebPage","@id":"https:\/\/eljardinderosas.cl\/inicio\/tienda\/arreglos-florales\/rosas\/canasta-con-25-rosas-rojas-peluche-y-bombones-ferreros\/#webpage","url":"https:\/\/eljardinderosas.cl\/inicio\/tienda\/arreglos-florales\/rosas\/canasta-con-25-rosas-rojas-peluche-y-bombones-ferreros\/","name":"canasta con 25 rosas rojas , peluche y bombones ferreros - El Jardin de Rosas","isPartOf":{"@id":"https:\/\/eljardinderosas.cl\/inicio\/#website"},"primaryImageOfPage":{"@id":"https:\/\/eljardinderosas.cl\/inicio\/tienda\/arreglos-florales\/rosas\/canasta-con-25-rosas-rojas-peluche-y-bombones-ferreros\/#primaryimage"},"datePublished":"2020-10-12T13:24:19+00:00","dateModified":"2025-02-10T23:06:51+00:00","breadcrumb":{"@id":"https:\/\/eljardinderosas.cl\/inicio\/tienda\/arreglos-florales\/rosas\/canasta-con-25-rosas-rojas-peluche-y-bombones-ferreros\/#breadcrumb"},"inLanguage":"es","potentialAction":[{"@type":"ReadAction","target":["https:\/\/eljardinderosas.cl\/inicio\/tienda\/arreglos-florales\/rosas\/canasta-con-25-rosas-rojas-peluche-y-bombones-ferreros\/"]}]},{"@type":"BreadcrumbList","@id":"https:\/\/eljardinderosas.cl\/inicio\/tienda\/arreglos-florales\/rosas\/canasta-con-25-rosas-rojas-peluche-y-bombones-ferreros\/#breadcrumb","itemListElement":[{"@type":"ListItem","position":1,"name":"Home","item":"https:\/\/eljardinderosas.cl\/inicio\/"},{"@type":"ListItem","position":2,"name":"Tienda","item":"https:\/\/eljardinderosas.cl\/inicio\/tienda\/"},{"@type":"ListItem","position":3,"name":"canasta con 25 rosas rojas , peluche y bombones ferreros"}]}]}},"_links":{"self":[{"href":"https:\/\/eljardinderosas.cl\/inicio\/wp-json\/wp\/v2\/product\/694"}],"collection":[{"href":"https:\/\/eljardinderosas.cl\/inicio\/wp-json\/wp\/v2\/product"}],"about":[{"href":"https:\/\/eljardinderosas.cl\/inicio\/wp-json\/wp\/v2\/types\/product"}],"wp:featuredmedia":[{"embeddable":true,"href":"https:\/\/eljardinderosas.cl\/inicio\/wp-json\/wp\/v2\/media\/15914"}],"wp:attachment":[{"href":"https:\/\/eljardinderosas.cl\/inicio\/wp-json\/wp\/v2\/media?parent=694"}],"wp:term":[{"taxonomy":"product_cat","embeddable":true,"href":"https:\/\/eljardinderosas.cl\/inicio\/wp-json\/wp\/v2\/product_cat?post=694"},{"taxonomy":"product_tag","embeddable":true,"href":"https:\/\/eljardinderosas.cl\/inicio\/wp-json\/wp\/v2\/product_tag?post=694"}],"curies":[{"name":"wp","href":"https:\/\/api.w.org\/{rel}","templated":true}]}}