{"id":799,"date":"2020-10-16T19:10:15","date_gmt":"2020-10-16T22:10:15","guid":{"rendered":"https:\/\/eljardinderosas.cl\/inicio\/?post_type=product&#038;p=799"},"modified":"2023-04-11T16:26:18","modified_gmt":"2023-04-11T20:26:18","slug":"globo-metalico-es-una-nina-cod-g-05","status":"publish","type":"product","link":"https:\/\/eljardinderosas.cl\/inicio\/tienda\/regalos\/globos\/globo-metalico-es-una-nina-cod-g-05\/","title":{"rendered":"Globo Met\u00e1lico Es Una Ni\u00f1a Cod. G-05"},"content":{"rendered":"","protected":false},"excerpt":{"rendered":"<p class=\"p1\"><i>NO SE VENDE POR SEPARADO, ES PARA ACOMPA\u00d1AR EN SU COMPRA FLORAL<\/i><\/p>\n","protected":false},"featured_media":15549,"template":"","meta":[],"product_cat":[86,90],"product_tag":[],"yoast_head":"<!-- This site is optimized with the Yoast SEO Premium plugin v17.1.2 (Yoast SEO v17.3) - https:\/\/yoast.com\/wordpress\/plugins\/seo\/ -->\n<title>Globo Met\u00e1lico Es Una Ni\u00f1a Cod. G-05 - El Jardin de Rosas<\/title>\n<meta name=\"robots\" content=\"index, follow, max-snippet:-1, max-image-preview:large, max-video-preview:-1\" \/>\n<link rel=\"canonical\" href=\"https:\/\/eljardinderosas.cl\/inicio\/tienda\/regalos\/globos\/globo-metalico-es-una-nina-cod-g-05\/\" \/>\n<meta property=\"og:locale\" content=\"es_ES\" \/>\n<meta property=\"og:type\" content=\"article\" \/>\n<meta property=\"og:title\" content=\"Globo Met\u00e1lico Es Una Ni\u00f1a Cod. G-05\" \/>\n<meta property=\"og:description\" content=\"NO SE VENDE POR SEPARADO, ES PARA ACOMPA\u00d1AR EN SU COMPRA FLORAL\" \/>\n<meta property=\"og:url\" content=\"https:\/\/eljardinderosas.cl\/inicio\/tienda\/regalos\/globos\/globo-metalico-es-una-nina-cod-g-05\/\" \/>\n<meta property=\"og:site_name\" content=\"El Jardin de Rosas\" \/>\n<meta property=\"article:modified_time\" content=\"2023-04-11T20:26:18+00:00\" \/>\n<meta name=\"twitter:card\" content=\"summary_large_image\" \/>\n<meta name=\"twitter:image\" content=\"https:\/\/eljardinderosas.cl\/inicio\/wp-content\/uploads\/2020\/10\/es-nina-300.webp\" \/>\n<script type=\"application\/ld+json\" class=\"yoast-schema-graph\">{\"@context\":\"https:\/\/schema.org\",\"@graph\":[{\"@type\":\"Organization\",\"@id\":\"https:\/\/eljardinderosas.cl\/inicio\/#organization\",\"name\":\"El jardin de las rosas\",\"url\":\"https:\/\/eljardinderosas.cl\/inicio\/\",\"sameAs\":[\"https:\/\/www.instagram.com\/floreria_eljardinderosas\/\"],\"logo\":{\"@type\":\"ImageObject\",\"@id\":\"https:\/\/eljardinderosas.cl\/inicio\/#logo\",\"inLanguage\":\"es\",\"url\":\"https:\/\/eljardinderosas.cl\/inicio\/wp-content\/uploads\/2020\/10\/eljardinderosas-mail.png\",\"contentUrl\":\"https:\/\/eljardinderosas.cl\/inicio\/wp-content\/uploads\/2020\/10\/eljardinderosas-mail.png\",\"width\":317,\"height\":97,\"caption\":\"El jardin de las rosas\"},\"image\":{\"@id\":\"https:\/\/eljardinderosas.cl\/inicio\/#logo\"}},{\"@type\":\"WebSite\",\"@id\":\"https:\/\/eljardinderosas.cl\/inicio\/#website\",\"url\":\"https:\/\/eljardinderosas.cl\/inicio\/\",\"name\":\"Floreria El jardin de las Rosas\",\"description\":\"Flores en Santiago\",\"publisher\":{\"@id\":\"https:\/\/eljardinderosas.cl\/inicio\/#organization\"},\"potentialAction\":[{\"@type\":\"SearchAction\",\"target\":{\"@type\":\"EntryPoint\",\"urlTemplate\":\"https:\/\/eljardinderosas.cl\/inicio\/?s={search_term_string}\"},\"query-input\":\"required name=search_term_string\"}],\"inLanguage\":\"es\"},{\"@type\":\"ImageObject\",\"@id\":\"https:\/\/eljardinderosas.cl\/inicio\/tienda\/regalos\/globos\/globo-metalico-es-una-nina-cod-g-05\/#primaryimage\",\"inLanguage\":\"es\",\"url\":\"https:\/\/eljardinderosas.cl\/inicio\/wp-content\/uploads\/2020\/10\/es-nina-300.webp\",\"contentUrl\":\"https:\/\/eljardinderosas.cl\/inicio\/wp-content\/uploads\/2020\/10\/es-nina-300.webp\",\"width\":300,\"height\":300},{\"@type\":\"WebPage\",\"@id\":\"https:\/\/eljardinderosas.cl\/inicio\/tienda\/regalos\/globos\/globo-metalico-es-una-nina-cod-g-05\/#webpage\",\"url\":\"https:\/\/eljardinderosas.cl\/inicio\/tienda\/regalos\/globos\/globo-metalico-es-una-nina-cod-g-05\/\",\"name\":\"Globo Met\\u00e1lico Es Una Ni\\u00f1a Cod. G-05 - El Jardin de Rosas\",\"isPartOf\":{\"@id\":\"https:\/\/eljardinderosas.cl\/inicio\/#website\"},\"primaryImageOfPage\":{\"@id\":\"https:\/\/eljardinderosas.cl\/inicio\/tienda\/regalos\/globos\/globo-metalico-es-una-nina-cod-g-05\/#primaryimage\"},\"datePublished\":\"2020-10-16T22:10:15+00:00\",\"dateModified\":\"2023-04-11T20:26:18+00:00\",\"breadcrumb\":{\"@id\":\"https:\/\/eljardinderosas.cl\/inicio\/tienda\/regalos\/globos\/globo-metalico-es-una-nina-cod-g-05\/#breadcrumb\"},\"inLanguage\":\"es\",\"potentialAction\":[{\"@type\":\"ReadAction\",\"target\":[\"https:\/\/eljardinderosas.cl\/inicio\/tienda\/regalos\/globos\/globo-metalico-es-una-nina-cod-g-05\/\"]}]},{\"@type\":\"BreadcrumbList\",\"@id\":\"https:\/\/eljardinderosas.cl\/inicio\/tienda\/regalos\/globos\/globo-metalico-es-una-nina-cod-g-05\/#breadcrumb\",\"itemListElement\":[{\"@type\":\"ListItem\",\"position\":1,\"name\":\"Home\",\"item\":\"https:\/\/eljardinderosas.cl\/inicio\/\"},{\"@type\":\"ListItem\",\"position\":2,\"name\":\"Tienda\",\"item\":\"https:\/\/eljardinderosas.cl\/inicio\/tienda\/\"},{\"@type\":\"ListItem\",\"position\":3,\"name\":\"Globo Met\\u00e1lico Es Una Ni\\u00f1a Cod. G-05\"}]}]}<\/script>\n<!-- \/ Yoast SEO Premium plugin. -->","yoast_head_json":{"title":"Globo Met\u00e1lico Es Una Ni\u00f1a Cod. G-05 - El Jardin de Rosas","robots":{"index":"index","follow":"follow","max-snippet":"max-snippet:-1","max-image-preview":"max-image-preview:large","max-video-preview":"max-video-preview:-1"},"canonical":"https:\/\/eljardinderosas.cl\/inicio\/tienda\/regalos\/globos\/globo-metalico-es-una-nina-cod-g-05\/","og_locale":"es_ES","og_type":"article","og_title":"Globo Met\u00e1lico Es Una Ni\u00f1a Cod. G-05","og_description":"NO SE VENDE POR SEPARADO, ES PARA ACOMPA\u00d1AR EN SU COMPRA FLORAL","og_url":"https:\/\/eljardinderosas.cl\/inicio\/tienda\/regalos\/globos\/globo-metalico-es-una-nina-cod-g-05\/","og_site_name":"El Jardin de Rosas","article_modified_time":"2023-04-11T20:26:18+00:00","twitter_card":"summary_large_image","twitter_image":"https:\/\/eljardinderosas.cl\/inicio\/wp-content\/uploads\/2020\/10\/es-nina-300.webp","schema":{"@context":"https:\/\/schema.org","@graph":[{"@type":"Organization","@id":"https:\/\/eljardinderosas.cl\/inicio\/#organization","name":"El jardin de las rosas","url":"https:\/\/eljardinderosas.cl\/inicio\/","sameAs":["https:\/\/www.instagram.com\/floreria_eljardinderosas\/"],"logo":{"@type":"ImageObject","@id":"https:\/\/eljardinderosas.cl\/inicio\/#logo","inLanguage":"es","url":"https:\/\/eljardinderosas.cl\/inicio\/wp-content\/uploads\/2020\/10\/eljardinderosas-mail.png","contentUrl":"https:\/\/eljardinderosas.cl\/inicio\/wp-content\/uploads\/2020\/10\/eljardinderosas-mail.png","width":317,"height":97,"caption":"El jardin de las rosas"},"image":{"@id":"https:\/\/eljardinderosas.cl\/inicio\/#logo"}},{"@type":"WebSite","@id":"https:\/\/eljardinderosas.cl\/inicio\/#website","url":"https:\/\/eljardinderosas.cl\/inicio\/","name":"Floreria El jardin de las Rosas","description":"Flores en Santiago","publisher":{"@id":"https:\/\/eljardinderosas.cl\/inicio\/#organization"},"potentialAction":[{"@type":"SearchAction","target":{"@type":"EntryPoint","urlTemplate":"https:\/\/eljardinderosas.cl\/inicio\/?s={search_term_string}"},"query-input":"required name=search_term_string"}],"inLanguage":"es"},{"@type":"ImageObject","@id":"https:\/\/eljardinderosas.cl\/inicio\/tienda\/regalos\/globos\/globo-metalico-es-una-nina-cod-g-05\/#primaryimage","inLanguage":"es","url":"https:\/\/eljardinderosas.cl\/inicio\/wp-content\/uploads\/2020\/10\/es-nina-300.webp","contentUrl":"https:\/\/eljardinderosas.cl\/inicio\/wp-content\/uploads\/2020\/10\/es-nina-300.webp","width":300,"height":300},{"@type":"WebPage","@id":"https:\/\/eljardinderosas.cl\/inicio\/tienda\/regalos\/globos\/globo-metalico-es-una-nina-cod-g-05\/#webpage","url":"https:\/\/eljardinderosas.cl\/inicio\/tienda\/regalos\/globos\/globo-metalico-es-una-nina-cod-g-05\/","name":"Globo Met\u00e1lico Es Una Ni\u00f1a Cod. G-05 - El Jardin de Rosas","isPartOf":{"@id":"https:\/\/eljardinderosas.cl\/inicio\/#website"},"primaryImageOfPage":{"@id":"https:\/\/eljardinderosas.cl\/inicio\/tienda\/regalos\/globos\/globo-metalico-es-una-nina-cod-g-05\/#primaryimage"},"datePublished":"2020-10-16T22:10:15+00:00","dateModified":"2023-04-11T20:26:18+00:00","breadcrumb":{"@id":"https:\/\/eljardinderosas.cl\/inicio\/tienda\/regalos\/globos\/globo-metalico-es-una-nina-cod-g-05\/#breadcrumb"},"inLanguage":"es","potentialAction":[{"@type":"ReadAction","target":["https:\/\/eljardinderosas.cl\/inicio\/tienda\/regalos\/globos\/globo-metalico-es-una-nina-cod-g-05\/"]}]},{"@type":"BreadcrumbList","@id":"https:\/\/eljardinderosas.cl\/inicio\/tienda\/regalos\/globos\/globo-metalico-es-una-nina-cod-g-05\/#breadcrumb","itemListElement":[{"@type":"ListItem","position":1,"name":"Home","item":"https:\/\/eljardinderosas.cl\/inicio\/"},{"@type":"ListItem","position":2,"name":"Tienda","item":"https:\/\/eljardinderosas.cl\/inicio\/tienda\/"},{"@type":"ListItem","position":3,"name":"Globo Met\u00e1lico Es Una Ni\u00f1a Cod. G-05"}]}]}},"_links":{"self":[{"href":"https:\/\/eljardinderosas.cl\/inicio\/wp-json\/wp\/v2\/product\/799"}],"collection":[{"href":"https:\/\/eljardinderosas.cl\/inicio\/wp-json\/wp\/v2\/product"}],"about":[{"href":"https:\/\/eljardinderosas.cl\/inicio\/wp-json\/wp\/v2\/types\/product"}],"wp:featuredmedia":[{"embeddable":true,"href":"https:\/\/eljardinderosas.cl\/inicio\/wp-json\/wp\/v2\/media\/15549"}],"wp:attachment":[{"href":"https:\/\/eljardinderosas.cl\/inicio\/wp-json\/wp\/v2\/media?parent=799"}],"wp:term":[{"taxonomy":"product_cat","embeddable":true,"href":"https:\/\/eljardinderosas.cl\/inicio\/wp-json\/wp\/v2\/product_cat?post=799"},{"taxonomy":"product_tag","embeddable":true,"href":"https:\/\/eljardinderosas.cl\/inicio\/wp-json\/wp\/v2\/product_tag?post=799"}],"curies":[{"name":"wp","href":"https:\/\/api.w.org\/{rel}","templated":true}]}}