{"id":805,"date":"2020-10-16T19:16:58","date_gmt":"2020-10-16T22:16:58","guid":{"rendered":"https:\/\/eljardinderosas.cl\/inicio\/?post_type=product&#038;p=805"},"modified":"2026-04-06T16:44:45","modified_gmt":"2026-04-06T20:44:45","slug":"ramo-con-4-hortensias-azules-o-celeste-con-10-varas-de-girasoles","status":"publish","type":"product","link":"https:\/\/eljardinderosas.cl\/inicio\/tienda\/arreglos-florales\/girasoles-importados\/ramo-con-4-hortensias-azules-o-celeste-con-10-varas-de-girasoles\/","title":{"rendered":"Ramo con 4 hortensias azules o celeste con 10 varas de girasoles"},"content":{"rendered":"<p>Ilumina tu d\u00eda con este espectacular ramo de 10 varas de girasoles radiantes y 4 hortensias azules vibrantes. Los girasoles, con su esplendor dorado, simbolizan energ\u00eda positiva y felicidad eterna, mientras que las hortensias azules aportan un toque de serenidad y elegancia \u00fanica. Ideal para sorprender a alguien especial, alegrar una celebraci\u00f3n o simplemente regalar una sonrisa. \u00a1Un regalo perfecto que transforma cualquier momento en algo inolvidable!<br \/>\nDisponible para entrega r\u00e1pida en Santiago y alrededores. \ud83c\udf3b\ud83d\udc99 Incluye una linda tarjeta de saludos.<br \/>\nC\u00f3digo:410<\/p>\n","protected":false},"excerpt":{"rendered":"<p>\u00a1La combinaci\u00f3n perfecta para conquistar corazones en aniversarios, declaraciones de amor o navidad y a\u00f1o nuevo o simplemente para decir \u00abte quiero\u00bb con estilo incomparable!<\/p>\n","protected":false},"featured_media":20254,"template":"","meta":[],"product_cat":[70,96,241,79,245,216],"product_tag":[],"yoast_head":"<!-- This site is optimized with the Yoast SEO Premium plugin v17.1.2 (Yoast SEO v17.3) - https:\/\/yoast.com\/wordpress\/plugins\/seo\/ -->\n<title>Ramo con 4 hortensias azules o celeste con 10 varas de girasoles - El Jardin de Rosas<\/title>\n<meta name=\"description\" content=\"Ideal para sorprender a alguien especial, alegrar una celebraci\u00f3n \u00a1Un regalo perfecto que transforma cualquier momento en algo inolvidable!\" \/>\n<meta name=\"robots\" content=\"index, follow, max-snippet:-1, max-image-preview:large, max-video-preview:-1\" \/>\n<link rel=\"canonical\" href=\"https:\/\/eljardinderosas.cl\/inicio\/tienda\/arreglos-florales\/girasoles-importados\/ramo-con-4-hortensias-azules-o-celeste-con-10-varas-de-girasoles\/\" \/>\n<meta property=\"og:locale\" content=\"es_ES\" \/>\n<meta property=\"og:type\" content=\"article\" \/>\n<meta property=\"og:title\" content=\"Ramo con 4 hortensias azules o celeste con 10 varas de girasoles\" \/>\n<meta property=\"og:description\" content=\"Ideal para sorprender a alguien especial, alegrar una celebraci\u00f3n \u00a1Un regalo perfecto que transforma cualquier momento en algo inolvidable!\" \/>\n<meta property=\"og:url\" content=\"https:\/\/eljardinderosas.cl\/inicio\/tienda\/arreglos-florales\/girasoles-importados\/ramo-con-4-hortensias-azules-o-celeste-con-10-varas-de-girasoles\/\" \/>\n<meta property=\"og:site_name\" content=\"El Jardin de Rosas\" \/>\n<meta property=\"article:modified_time\" content=\"2026-04-06T20:44:45+00:00\" \/>\n<meta property=\"og:image\" content=\"https:\/\/eljardinderosas.cl\/inicio\/wp-content\/uploads\/2020\/10\/RAMO-CON-GIRASOLES-Y-HORTENSIAS.jpg\" \/>\n\t<meta property=\"og:image:width\" content=\"1254\" \/>\n\t<meta property=\"og:image:height\" content=\"1254\" \/>\n<meta name=\"twitter:card\" content=\"summary_large_image\" \/>\n<meta name=\"twitter:label1\" content=\"Tiempo de lectura\" \/>\n\t<meta name=\"twitter:data1\" content=\"1 minuto\" \/>\n<script type=\"application\/ld+json\" class=\"yoast-schema-graph\">{\"@context\":\"https:\/\/schema.org\",\"@graph\":[{\"@type\":\"Organization\",\"@id\":\"https:\/\/eljardinderosas.cl\/inicio\/#organization\",\"name\":\"El jardin de las rosas\",\"url\":\"https:\/\/eljardinderosas.cl\/inicio\/\",\"sameAs\":[\"https:\/\/www.instagram.com\/floreria_eljardinderosas\/\"],\"logo\":{\"@type\":\"ImageObject\",\"@id\":\"https:\/\/eljardinderosas.cl\/inicio\/#logo\",\"inLanguage\":\"es\",\"url\":\"https:\/\/eljardinderosas.cl\/inicio\/wp-content\/uploads\/2020\/10\/eljardinderosas-mail.png\",\"contentUrl\":\"https:\/\/eljardinderosas.cl\/inicio\/wp-content\/uploads\/2020\/10\/eljardinderosas-mail.png\",\"width\":317,\"height\":97,\"caption\":\"El jardin de las rosas\"},\"image\":{\"@id\":\"https:\/\/eljardinderosas.cl\/inicio\/#logo\"}},{\"@type\":\"WebSite\",\"@id\":\"https:\/\/eljardinderosas.cl\/inicio\/#website\",\"url\":\"https:\/\/eljardinderosas.cl\/inicio\/\",\"name\":\"Floreria El jardin de las Rosas\",\"description\":\"Flores en Santiago\",\"publisher\":{\"@id\":\"https:\/\/eljardinderosas.cl\/inicio\/#organization\"},\"potentialAction\":[{\"@type\":\"SearchAction\",\"target\":{\"@type\":\"EntryPoint\",\"urlTemplate\":\"https:\/\/eljardinderosas.cl\/inicio\/?s={search_term_string}\"},\"query-input\":\"required name=search_term_string\"}],\"inLanguage\":\"es\"},{\"@type\":\"ImageObject\",\"@id\":\"https:\/\/eljardinderosas.cl\/inicio\/tienda\/arreglos-florales\/girasoles-importados\/ramo-con-4-hortensias-azules-o-celeste-con-10-varas-de-girasoles\/#primaryimage\",\"inLanguage\":\"es\",\"url\":\"https:\/\/eljardinderosas.cl\/inicio\/wp-content\/uploads\/2020\/10\/RAMO-CON-GIRASOLES-Y-HORTENSIAS.jpg\",\"contentUrl\":\"https:\/\/eljardinderosas.cl\/inicio\/wp-content\/uploads\/2020\/10\/RAMO-CON-GIRASOLES-Y-HORTENSIAS.jpg\",\"width\":1254,\"height\":1254},{\"@type\":\"WebPage\",\"@id\":\"https:\/\/eljardinderosas.cl\/inicio\/tienda\/arreglos-florales\/girasoles-importados\/ramo-con-4-hortensias-azules-o-celeste-con-10-varas-de-girasoles\/#webpage\",\"url\":\"https:\/\/eljardinderosas.cl\/inicio\/tienda\/arreglos-florales\/girasoles-importados\/ramo-con-4-hortensias-azules-o-celeste-con-10-varas-de-girasoles\/\",\"name\":\"Ramo con 4 hortensias azules o celeste con 10 varas de girasoles - El Jardin de Rosas\",\"isPartOf\":{\"@id\":\"https:\/\/eljardinderosas.cl\/inicio\/#website\"},\"primaryImageOfPage\":{\"@id\":\"https:\/\/eljardinderosas.cl\/inicio\/tienda\/arreglos-florales\/girasoles-importados\/ramo-con-4-hortensias-azules-o-celeste-con-10-varas-de-girasoles\/#primaryimage\"},\"datePublished\":\"2020-10-16T22:16:58+00:00\",\"dateModified\":\"2026-04-06T20:44:45+00:00\",\"description\":\"Ideal para sorprender a alguien especial, alegrar una celebraci\\u00f3n \\u00a1Un regalo perfecto que transforma cualquier momento en algo inolvidable!\",\"breadcrumb\":{\"@id\":\"https:\/\/eljardinderosas.cl\/inicio\/tienda\/arreglos-florales\/girasoles-importados\/ramo-con-4-hortensias-azules-o-celeste-con-10-varas-de-girasoles\/#breadcrumb\"},\"inLanguage\":\"es\",\"potentialAction\":[{\"@type\":\"ReadAction\",\"target\":[\"https:\/\/eljardinderosas.cl\/inicio\/tienda\/arreglos-florales\/girasoles-importados\/ramo-con-4-hortensias-azules-o-celeste-con-10-varas-de-girasoles\/\"]}]},{\"@type\":\"BreadcrumbList\",\"@id\":\"https:\/\/eljardinderosas.cl\/inicio\/tienda\/arreglos-florales\/girasoles-importados\/ramo-con-4-hortensias-azules-o-celeste-con-10-varas-de-girasoles\/#breadcrumb\",\"itemListElement\":[{\"@type\":\"ListItem\",\"position\":1,\"name\":\"Home\",\"item\":\"https:\/\/eljardinderosas.cl\/inicio\/\"},{\"@type\":\"ListItem\",\"position\":2,\"name\":\"Tienda\",\"item\":\"https:\/\/eljardinderosas.cl\/inicio\/tienda\/\"},{\"@type\":\"ListItem\",\"position\":3,\"name\":\"Ramo con 4 hortensias azules o celeste con 10 varas de girasoles\"}]}]}<\/script>\n<!-- \/ Yoast SEO Premium plugin. -->","yoast_head_json":{"title":"Ramo con 4 hortensias azules o celeste con 10 varas de girasoles - El Jardin de Rosas","description":"Ideal para sorprender a alguien especial, alegrar una celebraci\u00f3n \u00a1Un regalo perfecto que transforma cualquier momento en algo inolvidable!","robots":{"index":"index","follow":"follow","max-snippet":"max-snippet:-1","max-image-preview":"max-image-preview:large","max-video-preview":"max-video-preview:-1"},"canonical":"https:\/\/eljardinderosas.cl\/inicio\/tienda\/arreglos-florales\/girasoles-importados\/ramo-con-4-hortensias-azules-o-celeste-con-10-varas-de-girasoles\/","og_locale":"es_ES","og_type":"article","og_title":"Ramo con 4 hortensias azules o celeste con 10 varas de girasoles","og_description":"Ideal para sorprender a alguien especial, alegrar una celebraci\u00f3n \u00a1Un regalo perfecto que transforma cualquier momento en algo inolvidable!","og_url":"https:\/\/eljardinderosas.cl\/inicio\/tienda\/arreglos-florales\/girasoles-importados\/ramo-con-4-hortensias-azules-o-celeste-con-10-varas-de-girasoles\/","og_site_name":"El Jardin de Rosas","article_modified_time":"2026-04-06T20:44:45+00:00","og_image":[{"width":1254,"height":1254,"url":"https:\/\/eljardinderosas.cl\/inicio\/wp-content\/uploads\/2020\/10\/RAMO-CON-GIRASOLES-Y-HORTENSIAS.jpg","type":"image\/jpeg"}],"twitter_card":"summary_large_image","twitter_misc":{"Tiempo de lectura":"1 minuto"},"schema":{"@context":"https:\/\/schema.org","@graph":[{"@type":"Organization","@id":"https:\/\/eljardinderosas.cl\/inicio\/#organization","name":"El jardin de las rosas","url":"https:\/\/eljardinderosas.cl\/inicio\/","sameAs":["https:\/\/www.instagram.com\/floreria_eljardinderosas\/"],"logo":{"@type":"ImageObject","@id":"https:\/\/eljardinderosas.cl\/inicio\/#logo","inLanguage":"es","url":"https:\/\/eljardinderosas.cl\/inicio\/wp-content\/uploads\/2020\/10\/eljardinderosas-mail.png","contentUrl":"https:\/\/eljardinderosas.cl\/inicio\/wp-content\/uploads\/2020\/10\/eljardinderosas-mail.png","width":317,"height":97,"caption":"El jardin de las rosas"},"image":{"@id":"https:\/\/eljardinderosas.cl\/inicio\/#logo"}},{"@type":"WebSite","@id":"https:\/\/eljardinderosas.cl\/inicio\/#website","url":"https:\/\/eljardinderosas.cl\/inicio\/","name":"Floreria El jardin de las Rosas","description":"Flores en Santiago","publisher":{"@id":"https:\/\/eljardinderosas.cl\/inicio\/#organization"},"potentialAction":[{"@type":"SearchAction","target":{"@type":"EntryPoint","urlTemplate":"https:\/\/eljardinderosas.cl\/inicio\/?s={search_term_string}"},"query-input":"required name=search_term_string"}],"inLanguage":"es"},{"@type":"ImageObject","@id":"https:\/\/eljardinderosas.cl\/inicio\/tienda\/arreglos-florales\/girasoles-importados\/ramo-con-4-hortensias-azules-o-celeste-con-10-varas-de-girasoles\/#primaryimage","inLanguage":"es","url":"https:\/\/eljardinderosas.cl\/inicio\/wp-content\/uploads\/2020\/10\/RAMO-CON-GIRASOLES-Y-HORTENSIAS.jpg","contentUrl":"https:\/\/eljardinderosas.cl\/inicio\/wp-content\/uploads\/2020\/10\/RAMO-CON-GIRASOLES-Y-HORTENSIAS.jpg","width":1254,"height":1254},{"@type":"WebPage","@id":"https:\/\/eljardinderosas.cl\/inicio\/tienda\/arreglos-florales\/girasoles-importados\/ramo-con-4-hortensias-azules-o-celeste-con-10-varas-de-girasoles\/#webpage","url":"https:\/\/eljardinderosas.cl\/inicio\/tienda\/arreglos-florales\/girasoles-importados\/ramo-con-4-hortensias-azules-o-celeste-con-10-varas-de-girasoles\/","name":"Ramo con 4 hortensias azules o celeste con 10 varas de girasoles - El Jardin de Rosas","isPartOf":{"@id":"https:\/\/eljardinderosas.cl\/inicio\/#website"},"primaryImageOfPage":{"@id":"https:\/\/eljardinderosas.cl\/inicio\/tienda\/arreglos-florales\/girasoles-importados\/ramo-con-4-hortensias-azules-o-celeste-con-10-varas-de-girasoles\/#primaryimage"},"datePublished":"2020-10-16T22:16:58+00:00","dateModified":"2026-04-06T20:44:45+00:00","description":"Ideal para sorprender a alguien especial, alegrar una celebraci\u00f3n \u00a1Un regalo perfecto que transforma cualquier momento en algo inolvidable!","breadcrumb":{"@id":"https:\/\/eljardinderosas.cl\/inicio\/tienda\/arreglos-florales\/girasoles-importados\/ramo-con-4-hortensias-azules-o-celeste-con-10-varas-de-girasoles\/#breadcrumb"},"inLanguage":"es","potentialAction":[{"@type":"ReadAction","target":["https:\/\/eljardinderosas.cl\/inicio\/tienda\/arreglos-florales\/girasoles-importados\/ramo-con-4-hortensias-azules-o-celeste-con-10-varas-de-girasoles\/"]}]},{"@type":"BreadcrumbList","@id":"https:\/\/eljardinderosas.cl\/inicio\/tienda\/arreglos-florales\/girasoles-importados\/ramo-con-4-hortensias-azules-o-celeste-con-10-varas-de-girasoles\/#breadcrumb","itemListElement":[{"@type":"ListItem","position":1,"name":"Home","item":"https:\/\/eljardinderosas.cl\/inicio\/"},{"@type":"ListItem","position":2,"name":"Tienda","item":"https:\/\/eljardinderosas.cl\/inicio\/tienda\/"},{"@type":"ListItem","position":3,"name":"Ramo con 4 hortensias azules o celeste con 10 varas de girasoles"}]}]}},"_links":{"self":[{"href":"https:\/\/eljardinderosas.cl\/inicio\/wp-json\/wp\/v2\/product\/805"}],"collection":[{"href":"https:\/\/eljardinderosas.cl\/inicio\/wp-json\/wp\/v2\/product"}],"about":[{"href":"https:\/\/eljardinderosas.cl\/inicio\/wp-json\/wp\/v2\/types\/product"}],"wp:featuredmedia":[{"embeddable":true,"href":"https:\/\/eljardinderosas.cl\/inicio\/wp-json\/wp\/v2\/media\/20254"}],"wp:attachment":[{"href":"https:\/\/eljardinderosas.cl\/inicio\/wp-json\/wp\/v2\/media?parent=805"}],"wp:term":[{"taxonomy":"product_cat","embeddable":true,"href":"https:\/\/eljardinderosas.cl\/inicio\/wp-json\/wp\/v2\/product_cat?post=805"},{"taxonomy":"product_tag","embeddable":true,"href":"https:\/\/eljardinderosas.cl\/inicio\/wp-json\/wp\/v2\/product_tag?post=805"}],"curies":[{"name":"wp","href":"https:\/\/api.w.org\/{rel}","templated":true}]}}