{"id":847,"date":"2020-10-16T20:55:18","date_gmt":"2020-10-16T23:55:18","guid":{"rendered":"https:\/\/eljardinderosas.cl\/inicio\/?post_type=product&#038;p=847"},"modified":"2026-04-29T18:55:24","modified_gmt":"2026-04-29T22:55:24","slug":"florero-con-12-rosas-mixtas-bombones-ferrero-y-globo-codigo128","status":"publish","type":"product","link":"https:\/\/eljardinderosas.cl\/inicio\/tienda\/arreglos-florales\/rosas\/florero-con-12-rosas-mixtas-bombones-ferrero-y-globo-codigo128\/","title":{"rendered":"Florero con 12 rosas mixtas bombones ferrero y globo codigo:128"},"content":{"rendered":"<p>Celebra a la mam\u00e1 m\u00e1s especial con este florero lleno de amor y dulzura! Incluye 12 rosas rojas y blancas  frescas y exuberantes, s\u00edmbolo de cari\u00f1o tierno y admiraci\u00f3n eterna. Acompa\u00f1adas de deliciosos bombones belgas premium, para un toque gourmet que derretir\u00e1 su coraz\u00f3n (\u00a1y su paladar!). Completa el regalo con un globo met\u00e1lico \u00abFeliz D\u00eda de la Mam\u00e1\u00bb, brillante y festivo, que flotar\u00e1 con alegr\u00eda.Perfecto para entregas en Santiago y alrededores. \u00a1Hazla sonre\u00edr hoy! <\/p>\n","protected":false},"excerpt":{"rendered":"<p>Sorprende a tu mam\u00e1 este 10 de mayo dia de la mam\u00e1 \u2764\ufe0f \u00a1Celebra y Descubre ramos \u00fanicos y ofertas especiales que alegrar\u00e1n su d\u00eda. \u00a1Haz tu pedido hoy y sorpr\u00e9ndela con un detalle inolvidable!<\/p>\n","protected":false},"featured_media":20377,"template":"","meta":[],"product_cat":[93,71,84,200],"product_tag":[],"yoast_head":"<!-- This site is optimized with the Yoast SEO Premium plugin v17.1.2 (Yoast SEO v17.3) - https:\/\/yoast.com\/wordpress\/plugins\/seo\/ -->\n<title>Florero con 12 rosas mixtas bombones ferrero y globo codigo:128 - El Jardin de Rosas<\/title>\n<meta name=\"robots\" content=\"index, follow, max-snippet:-1, max-image-preview:large, max-video-preview:-1\" \/>\n<link rel=\"canonical\" href=\"https:\/\/eljardinderosas.cl\/inicio\/tienda\/arreglos-florales\/rosas\/florero-con-12-rosas-mixtas-bombones-ferrero-y-globo-codigo128\/\" \/>\n<meta property=\"og:locale\" content=\"es_ES\" \/>\n<meta property=\"og:type\" content=\"article\" \/>\n<meta property=\"og:title\" content=\"Florero con 12 rosas mixtas bombones ferrero y globo codigo:128\" \/>\n<meta property=\"og:description\" content=\"Sorprende a tu mam\u00e1 este 10 de mayo dia de la mam\u00e1 \u2764\ufe0f \u00a1Celebra y Descubre ramos \u00fanicos y ofertas especiales que alegrar\u00e1n su d\u00eda. \u00a1Haz tu pedido hoy y sorpr\u00e9ndela con un detalle inolvidable!\" \/>\n<meta property=\"og:url\" content=\"https:\/\/eljardinderosas.cl\/inicio\/tienda\/arreglos-florales\/rosas\/florero-con-12-rosas-mixtas-bombones-ferrero-y-globo-codigo128\/\" \/>\n<meta property=\"og:site_name\" content=\"El Jardin de Rosas\" \/>\n<meta property=\"article:modified_time\" content=\"2026-04-29T22:55:24+00:00\" \/>\n<meta property=\"og:image\" content=\"https:\/\/eljardinderosas.cl\/inicio\/wp-content\/uploads\/2020\/10\/FLORERO-CON-ROSAS-MIXTAS-BOMBONES-Y-GLOBO.jpg\" \/>\n\t<meta property=\"og:image:width\" content=\"1254\" \/>\n\t<meta property=\"og:image:height\" content=\"1254\" \/>\n<meta name=\"twitter:card\" content=\"summary_large_image\" \/>\n<script type=\"application\/ld+json\" class=\"yoast-schema-graph\">{\"@context\":\"https:\/\/schema.org\",\"@graph\":[{\"@type\":\"Organization\",\"@id\":\"https:\/\/eljardinderosas.cl\/inicio\/#organization\",\"name\":\"El jardin de las rosas\",\"url\":\"https:\/\/eljardinderosas.cl\/inicio\/\",\"sameAs\":[\"https:\/\/www.instagram.com\/floreria_eljardinderosas\/\"],\"logo\":{\"@type\":\"ImageObject\",\"@id\":\"https:\/\/eljardinderosas.cl\/inicio\/#logo\",\"inLanguage\":\"es\",\"url\":\"https:\/\/eljardinderosas.cl\/inicio\/wp-content\/uploads\/2020\/10\/eljardinderosas-mail.png\",\"contentUrl\":\"https:\/\/eljardinderosas.cl\/inicio\/wp-content\/uploads\/2020\/10\/eljardinderosas-mail.png\",\"width\":317,\"height\":97,\"caption\":\"El jardin de las rosas\"},\"image\":{\"@id\":\"https:\/\/eljardinderosas.cl\/inicio\/#logo\"}},{\"@type\":\"WebSite\",\"@id\":\"https:\/\/eljardinderosas.cl\/inicio\/#website\",\"url\":\"https:\/\/eljardinderosas.cl\/inicio\/\",\"name\":\"Floreria El jardin de las Rosas\",\"description\":\"Flores en Santiago\",\"publisher\":{\"@id\":\"https:\/\/eljardinderosas.cl\/inicio\/#organization\"},\"potentialAction\":[{\"@type\":\"SearchAction\",\"target\":{\"@type\":\"EntryPoint\",\"urlTemplate\":\"https:\/\/eljardinderosas.cl\/inicio\/?s={search_term_string}\"},\"query-input\":\"required name=search_term_string\"}],\"inLanguage\":\"es\"},{\"@type\":\"ImageObject\",\"@id\":\"https:\/\/eljardinderosas.cl\/inicio\/tienda\/arreglos-florales\/rosas\/florero-con-12-rosas-mixtas-bombones-ferrero-y-globo-codigo128\/#primaryimage\",\"inLanguage\":\"es\",\"url\":\"https:\/\/eljardinderosas.cl\/inicio\/wp-content\/uploads\/2020\/10\/FLORERO-CON-ROSAS-MIXTAS-BOMBONES-Y-GLOBO.jpg\",\"contentUrl\":\"https:\/\/eljardinderosas.cl\/inicio\/wp-content\/uploads\/2020\/10\/FLORERO-CON-ROSAS-MIXTAS-BOMBONES-Y-GLOBO.jpg\",\"width\":1254,\"height\":1254},{\"@type\":\"WebPage\",\"@id\":\"https:\/\/eljardinderosas.cl\/inicio\/tienda\/arreglos-florales\/rosas\/florero-con-12-rosas-mixtas-bombones-ferrero-y-globo-codigo128\/#webpage\",\"url\":\"https:\/\/eljardinderosas.cl\/inicio\/tienda\/arreglos-florales\/rosas\/florero-con-12-rosas-mixtas-bombones-ferrero-y-globo-codigo128\/\",\"name\":\"Florero con 12 rosas mixtas bombones ferrero y globo codigo:128 - El Jardin de Rosas\",\"isPartOf\":{\"@id\":\"https:\/\/eljardinderosas.cl\/inicio\/#website\"},\"primaryImageOfPage\":{\"@id\":\"https:\/\/eljardinderosas.cl\/inicio\/tienda\/arreglos-florales\/rosas\/florero-con-12-rosas-mixtas-bombones-ferrero-y-globo-codigo128\/#primaryimage\"},\"datePublished\":\"2020-10-16T23:55:18+00:00\",\"dateModified\":\"2026-04-29T22:55:24+00:00\",\"breadcrumb\":{\"@id\":\"https:\/\/eljardinderosas.cl\/inicio\/tienda\/arreglos-florales\/rosas\/florero-con-12-rosas-mixtas-bombones-ferrero-y-globo-codigo128\/#breadcrumb\"},\"inLanguage\":\"es\",\"potentialAction\":[{\"@type\":\"ReadAction\",\"target\":[\"https:\/\/eljardinderosas.cl\/inicio\/tienda\/arreglos-florales\/rosas\/florero-con-12-rosas-mixtas-bombones-ferrero-y-globo-codigo128\/\"]}]},{\"@type\":\"BreadcrumbList\",\"@id\":\"https:\/\/eljardinderosas.cl\/inicio\/tienda\/arreglos-florales\/rosas\/florero-con-12-rosas-mixtas-bombones-ferrero-y-globo-codigo128\/#breadcrumb\",\"itemListElement\":[{\"@type\":\"ListItem\",\"position\":1,\"name\":\"Home\",\"item\":\"https:\/\/eljardinderosas.cl\/inicio\/\"},{\"@type\":\"ListItem\",\"position\":2,\"name\":\"Tienda\",\"item\":\"https:\/\/eljardinderosas.cl\/inicio\/tienda\/\"},{\"@type\":\"ListItem\",\"position\":3,\"name\":\"Florero con 12 rosas mixtas bombones ferrero y globo codigo:128\"}]}]}<\/script>\n<!-- \/ Yoast SEO Premium plugin. -->","yoast_head_json":{"title":"Florero con 12 rosas mixtas bombones ferrero y globo codigo:128 - El Jardin de Rosas","robots":{"index":"index","follow":"follow","max-snippet":"max-snippet:-1","max-image-preview":"max-image-preview:large","max-video-preview":"max-video-preview:-1"},"canonical":"https:\/\/eljardinderosas.cl\/inicio\/tienda\/arreglos-florales\/rosas\/florero-con-12-rosas-mixtas-bombones-ferrero-y-globo-codigo128\/","og_locale":"es_ES","og_type":"article","og_title":"Florero con 12 rosas mixtas bombones ferrero y globo codigo:128","og_description":"Sorprende a tu mam\u00e1 este 10 de mayo dia de la mam\u00e1 \u2764\ufe0f \u00a1Celebra y Descubre ramos \u00fanicos y ofertas especiales que alegrar\u00e1n su d\u00eda. \u00a1Haz tu pedido hoy y sorpr\u00e9ndela con un detalle inolvidable!","og_url":"https:\/\/eljardinderosas.cl\/inicio\/tienda\/arreglos-florales\/rosas\/florero-con-12-rosas-mixtas-bombones-ferrero-y-globo-codigo128\/","og_site_name":"El Jardin de Rosas","article_modified_time":"2026-04-29T22:55:24+00:00","og_image":[{"width":1254,"height":1254,"url":"https:\/\/eljardinderosas.cl\/inicio\/wp-content\/uploads\/2020\/10\/FLORERO-CON-ROSAS-MIXTAS-BOMBONES-Y-GLOBO.jpg","type":"image\/jpeg"}],"twitter_card":"summary_large_image","schema":{"@context":"https:\/\/schema.org","@graph":[{"@type":"Organization","@id":"https:\/\/eljardinderosas.cl\/inicio\/#organization","name":"El jardin de las rosas","url":"https:\/\/eljardinderosas.cl\/inicio\/","sameAs":["https:\/\/www.instagram.com\/floreria_eljardinderosas\/"],"logo":{"@type":"ImageObject","@id":"https:\/\/eljardinderosas.cl\/inicio\/#logo","inLanguage":"es","url":"https:\/\/eljardinderosas.cl\/inicio\/wp-content\/uploads\/2020\/10\/eljardinderosas-mail.png","contentUrl":"https:\/\/eljardinderosas.cl\/inicio\/wp-content\/uploads\/2020\/10\/eljardinderosas-mail.png","width":317,"height":97,"caption":"El jardin de las rosas"},"image":{"@id":"https:\/\/eljardinderosas.cl\/inicio\/#logo"}},{"@type":"WebSite","@id":"https:\/\/eljardinderosas.cl\/inicio\/#website","url":"https:\/\/eljardinderosas.cl\/inicio\/","name":"Floreria El jardin de las Rosas","description":"Flores en Santiago","publisher":{"@id":"https:\/\/eljardinderosas.cl\/inicio\/#organization"},"potentialAction":[{"@type":"SearchAction","target":{"@type":"EntryPoint","urlTemplate":"https:\/\/eljardinderosas.cl\/inicio\/?s={search_term_string}"},"query-input":"required name=search_term_string"}],"inLanguage":"es"},{"@type":"ImageObject","@id":"https:\/\/eljardinderosas.cl\/inicio\/tienda\/arreglos-florales\/rosas\/florero-con-12-rosas-mixtas-bombones-ferrero-y-globo-codigo128\/#primaryimage","inLanguage":"es","url":"https:\/\/eljardinderosas.cl\/inicio\/wp-content\/uploads\/2020\/10\/FLORERO-CON-ROSAS-MIXTAS-BOMBONES-Y-GLOBO.jpg","contentUrl":"https:\/\/eljardinderosas.cl\/inicio\/wp-content\/uploads\/2020\/10\/FLORERO-CON-ROSAS-MIXTAS-BOMBONES-Y-GLOBO.jpg","width":1254,"height":1254},{"@type":"WebPage","@id":"https:\/\/eljardinderosas.cl\/inicio\/tienda\/arreglos-florales\/rosas\/florero-con-12-rosas-mixtas-bombones-ferrero-y-globo-codigo128\/#webpage","url":"https:\/\/eljardinderosas.cl\/inicio\/tienda\/arreglos-florales\/rosas\/florero-con-12-rosas-mixtas-bombones-ferrero-y-globo-codigo128\/","name":"Florero con 12 rosas mixtas bombones ferrero y globo codigo:128 - El Jardin de Rosas","isPartOf":{"@id":"https:\/\/eljardinderosas.cl\/inicio\/#website"},"primaryImageOfPage":{"@id":"https:\/\/eljardinderosas.cl\/inicio\/tienda\/arreglos-florales\/rosas\/florero-con-12-rosas-mixtas-bombones-ferrero-y-globo-codigo128\/#primaryimage"},"datePublished":"2020-10-16T23:55:18+00:00","dateModified":"2026-04-29T22:55:24+00:00","breadcrumb":{"@id":"https:\/\/eljardinderosas.cl\/inicio\/tienda\/arreglos-florales\/rosas\/florero-con-12-rosas-mixtas-bombones-ferrero-y-globo-codigo128\/#breadcrumb"},"inLanguage":"es","potentialAction":[{"@type":"ReadAction","target":["https:\/\/eljardinderosas.cl\/inicio\/tienda\/arreglos-florales\/rosas\/florero-con-12-rosas-mixtas-bombones-ferrero-y-globo-codigo128\/"]}]},{"@type":"BreadcrumbList","@id":"https:\/\/eljardinderosas.cl\/inicio\/tienda\/arreglos-florales\/rosas\/florero-con-12-rosas-mixtas-bombones-ferrero-y-globo-codigo128\/#breadcrumb","itemListElement":[{"@type":"ListItem","position":1,"name":"Home","item":"https:\/\/eljardinderosas.cl\/inicio\/"},{"@type":"ListItem","position":2,"name":"Tienda","item":"https:\/\/eljardinderosas.cl\/inicio\/tienda\/"},{"@type":"ListItem","position":3,"name":"Florero con 12 rosas mixtas bombones ferrero y globo codigo:128"}]}]}},"_links":{"self":[{"href":"https:\/\/eljardinderosas.cl\/inicio\/wp-json\/wp\/v2\/product\/847"}],"collection":[{"href":"https:\/\/eljardinderosas.cl\/inicio\/wp-json\/wp\/v2\/product"}],"about":[{"href":"https:\/\/eljardinderosas.cl\/inicio\/wp-json\/wp\/v2\/types\/product"}],"wp:featuredmedia":[{"embeddable":true,"href":"https:\/\/eljardinderosas.cl\/inicio\/wp-json\/wp\/v2\/media\/20377"}],"wp:attachment":[{"href":"https:\/\/eljardinderosas.cl\/inicio\/wp-json\/wp\/v2\/media?parent=847"}],"wp:term":[{"taxonomy":"product_cat","embeddable":true,"href":"https:\/\/eljardinderosas.cl\/inicio\/wp-json\/wp\/v2\/product_cat?post=847"},{"taxonomy":"product_tag","embeddable":true,"href":"https:\/\/eljardinderosas.cl\/inicio\/wp-json\/wp\/v2\/product_tag?post=847"}],"curies":[{"name":"wp","href":"https:\/\/api.w.org\/{rel}","templated":true}]}}