{"id":8562,"date":"2021-01-30T21:00:03","date_gmt":"2021-01-31T00:00:03","guid":{"rendered":"https:\/\/eljardinderosas.cl\/inicio\/?post_type=product&#038;p=8562"},"modified":"2026-04-16T17:42:49","modified_gmt":"2026-04-16T21:42:49","slug":"box-con-12-rosas-rojas-y-6-varas-de-lilium-blancos","status":"publish","type":"product","link":"https:\/\/eljardinderosas.cl\/inicio\/tienda\/ofertas-de-la-semana\/box-con-12-rosas-rojas-y-6-varas-de-lilium-blancos\/","title":{"rendered":"Box con 12 rosas rojas y  6 varas de lilium blancos"},"content":{"rendered":"<p>Sorprende a la mujer m\u00e1s importante de tu vida con esta elegante caja de regalo que contiene 12 rosas rojas intensas, s\u00edmbolo eterno de amor incondicional, acompa\u00f1adas de lilium blancos radiantes que evocan pureza y elegancia. Cada tallo fresco y perfectamente arreglado se presenta en una caja premium con dise\u00f1o rom\u00e1ntico, ideal para celebrar el D\u00eda de la Mam\u00e1.<\/p>\n","protected":false},"excerpt":{"rendered":"<p>ideal para celebrar el D\u00eda de la Mam\u00e1.<\/p>\n","protected":false},"featured_media":20277,"template":"","meta":[],"product_cat":[70,103,104],"product_tag":[],"yoast_head":"<!-- This site is optimized with the Yoast SEO Premium plugin v17.1.2 (Yoast SEO v17.3) - https:\/\/yoast.com\/wordpress\/plugins\/seo\/ -->\n<title>Box con 12 rosas rojas y 6 varas de lilium blancos - El Jardin de Rosas<\/title>\n<meta name=\"description\" content=\"Sorprende a la mujer m\u00e1s importante de tu vida con hermosos arreglos en caja con rosas rojas y lilium blancos con D\u00eda de la Mam\u00e1!\" \/>\n<meta name=\"robots\" content=\"index, follow, max-snippet:-1, max-image-preview:large, max-video-preview:-1\" \/>\n<link rel=\"canonical\" href=\"https:\/\/eljardinderosas.cl\/inicio\/tienda\/ofertas-de-la-semana\/box-con-12-rosas-rojas-y-6-varas-de-lilium-blancos\/\" \/>\n<meta property=\"og:locale\" content=\"es_ES\" \/>\n<meta property=\"og:type\" content=\"article\" \/>\n<meta property=\"og:title\" content=\"Box con 12 rosas rojas y 6 varas de lilium blancos\" \/>\n<meta property=\"og:description\" content=\"Sorprende a la mujer m\u00e1s importante de tu vida con hermosos arreglos en caja con rosas rojas y lilium blancos con D\u00eda de la Mam\u00e1!\" \/>\n<meta property=\"og:url\" content=\"https:\/\/eljardinderosas.cl\/inicio\/tienda\/ofertas-de-la-semana\/box-con-12-rosas-rojas-y-6-varas-de-lilium-blancos\/\" \/>\n<meta property=\"og:site_name\" content=\"El Jardin de Rosas\" \/>\n<meta property=\"article:modified_time\" content=\"2026-04-16T21:42:49+00:00\" \/>\n<meta property=\"og:image\" content=\"https:\/\/eljardinderosas.cl\/inicio\/wp-content\/uploads\/2021\/01\/86042c57-4d81-4d37-b835-2834bc1f4185.png\" \/>\n\t<meta property=\"og:image:width\" content=\"1024\" \/>\n\t<meta property=\"og:image:height\" content=\"1536\" \/>\n<meta name=\"twitter:card\" content=\"summary_large_image\" \/>\n<meta name=\"twitter:label1\" content=\"Tiempo de lectura\" \/>\n\t<meta name=\"twitter:data1\" content=\"1 minuto\" \/>\n<script type=\"application\/ld+json\" class=\"yoast-schema-graph\">{\"@context\":\"https:\/\/schema.org\",\"@graph\":[{\"@type\":\"Organization\",\"@id\":\"https:\/\/eljardinderosas.cl\/inicio\/#organization\",\"name\":\"El jardin de las rosas\",\"url\":\"https:\/\/eljardinderosas.cl\/inicio\/\",\"sameAs\":[\"https:\/\/www.instagram.com\/floreria_eljardinderosas\/\"],\"logo\":{\"@type\":\"ImageObject\",\"@id\":\"https:\/\/eljardinderosas.cl\/inicio\/#logo\",\"inLanguage\":\"es\",\"url\":\"https:\/\/eljardinderosas.cl\/inicio\/wp-content\/uploads\/2020\/10\/eljardinderosas-mail.png\",\"contentUrl\":\"https:\/\/eljardinderosas.cl\/inicio\/wp-content\/uploads\/2020\/10\/eljardinderosas-mail.png\",\"width\":317,\"height\":97,\"caption\":\"El jardin de las rosas\"},\"image\":{\"@id\":\"https:\/\/eljardinderosas.cl\/inicio\/#logo\"}},{\"@type\":\"WebSite\",\"@id\":\"https:\/\/eljardinderosas.cl\/inicio\/#website\",\"url\":\"https:\/\/eljardinderosas.cl\/inicio\/\",\"name\":\"Floreria El jardin de las Rosas\",\"description\":\"Flores en Santiago\",\"publisher\":{\"@id\":\"https:\/\/eljardinderosas.cl\/inicio\/#organization\"},\"potentialAction\":[{\"@type\":\"SearchAction\",\"target\":{\"@type\":\"EntryPoint\",\"urlTemplate\":\"https:\/\/eljardinderosas.cl\/inicio\/?s={search_term_string}\"},\"query-input\":\"required name=search_term_string\"}],\"inLanguage\":\"es\"},{\"@type\":\"ImageObject\",\"@id\":\"https:\/\/eljardinderosas.cl\/inicio\/tienda\/ofertas-de-la-semana\/box-con-12-rosas-rojas-y-6-varas-de-lilium-blancos\/#primaryimage\",\"inLanguage\":\"es\",\"url\":\"https:\/\/eljardinderosas.cl\/inicio\/wp-content\/uploads\/2021\/01\/86042c57-4d81-4d37-b835-2834bc1f4185.png\",\"contentUrl\":\"https:\/\/eljardinderosas.cl\/inicio\/wp-content\/uploads\/2021\/01\/86042c57-4d81-4d37-b835-2834bc1f4185.png\",\"width\":1024,\"height\":1536},{\"@type\":\"WebPage\",\"@id\":\"https:\/\/eljardinderosas.cl\/inicio\/tienda\/ofertas-de-la-semana\/box-con-12-rosas-rojas-y-6-varas-de-lilium-blancos\/#webpage\",\"url\":\"https:\/\/eljardinderosas.cl\/inicio\/tienda\/ofertas-de-la-semana\/box-con-12-rosas-rojas-y-6-varas-de-lilium-blancos\/\",\"name\":\"Box con 12 rosas rojas y 6 varas de lilium blancos - El Jardin de Rosas\",\"isPartOf\":{\"@id\":\"https:\/\/eljardinderosas.cl\/inicio\/#website\"},\"primaryImageOfPage\":{\"@id\":\"https:\/\/eljardinderosas.cl\/inicio\/tienda\/ofertas-de-la-semana\/box-con-12-rosas-rojas-y-6-varas-de-lilium-blancos\/#primaryimage\"},\"datePublished\":\"2021-01-31T00:00:03+00:00\",\"dateModified\":\"2026-04-16T21:42:49+00:00\",\"description\":\"Sorprende a la mujer m\\u00e1s importante de tu vida con hermosos arreglos en caja con rosas rojas y lilium blancos con D\\u00eda de la Mam\\u00e1!\",\"breadcrumb\":{\"@id\":\"https:\/\/eljardinderosas.cl\/inicio\/tienda\/ofertas-de-la-semana\/box-con-12-rosas-rojas-y-6-varas-de-lilium-blancos\/#breadcrumb\"},\"inLanguage\":\"es\",\"potentialAction\":[{\"@type\":\"ReadAction\",\"target\":[\"https:\/\/eljardinderosas.cl\/inicio\/tienda\/ofertas-de-la-semana\/box-con-12-rosas-rojas-y-6-varas-de-lilium-blancos\/\"]}]},{\"@type\":\"BreadcrumbList\",\"@id\":\"https:\/\/eljardinderosas.cl\/inicio\/tienda\/ofertas-de-la-semana\/box-con-12-rosas-rojas-y-6-varas-de-lilium-blancos\/#breadcrumb\",\"itemListElement\":[{\"@type\":\"ListItem\",\"position\":1,\"name\":\"Home\",\"item\":\"https:\/\/eljardinderosas.cl\/inicio\/\"},{\"@type\":\"ListItem\",\"position\":2,\"name\":\"Tienda\",\"item\":\"https:\/\/eljardinderosas.cl\/inicio\/tienda\/\"},{\"@type\":\"ListItem\",\"position\":3,\"name\":\"Box con 12 rosas rojas y 6 varas de lilium blancos\"}]}]}<\/script>\n<!-- \/ Yoast SEO Premium plugin. -->","yoast_head_json":{"title":"Box con 12 rosas rojas y 6 varas de lilium blancos - El Jardin de Rosas","description":"Sorprende a la mujer m\u00e1s importante de tu vida con hermosos arreglos en caja con rosas rojas y lilium blancos con D\u00eda de la Mam\u00e1!","robots":{"index":"index","follow":"follow","max-snippet":"max-snippet:-1","max-image-preview":"max-image-preview:large","max-video-preview":"max-video-preview:-1"},"canonical":"https:\/\/eljardinderosas.cl\/inicio\/tienda\/ofertas-de-la-semana\/box-con-12-rosas-rojas-y-6-varas-de-lilium-blancos\/","og_locale":"es_ES","og_type":"article","og_title":"Box con 12 rosas rojas y 6 varas de lilium blancos","og_description":"Sorprende a la mujer m\u00e1s importante de tu vida con hermosos arreglos en caja con rosas rojas y lilium blancos con D\u00eda de la Mam\u00e1!","og_url":"https:\/\/eljardinderosas.cl\/inicio\/tienda\/ofertas-de-la-semana\/box-con-12-rosas-rojas-y-6-varas-de-lilium-blancos\/","og_site_name":"El Jardin de Rosas","article_modified_time":"2026-04-16T21:42:49+00:00","og_image":[{"width":1024,"height":1536,"url":"https:\/\/eljardinderosas.cl\/inicio\/wp-content\/uploads\/2021\/01\/86042c57-4d81-4d37-b835-2834bc1f4185.png","type":"image\/png"}],"twitter_card":"summary_large_image","twitter_misc":{"Tiempo de lectura":"1 minuto"},"schema":{"@context":"https:\/\/schema.org","@graph":[{"@type":"Organization","@id":"https:\/\/eljardinderosas.cl\/inicio\/#organization","name":"El jardin de las rosas","url":"https:\/\/eljardinderosas.cl\/inicio\/","sameAs":["https:\/\/www.instagram.com\/floreria_eljardinderosas\/"],"logo":{"@type":"ImageObject","@id":"https:\/\/eljardinderosas.cl\/inicio\/#logo","inLanguage":"es","url":"https:\/\/eljardinderosas.cl\/inicio\/wp-content\/uploads\/2020\/10\/eljardinderosas-mail.png","contentUrl":"https:\/\/eljardinderosas.cl\/inicio\/wp-content\/uploads\/2020\/10\/eljardinderosas-mail.png","width":317,"height":97,"caption":"El jardin de las rosas"},"image":{"@id":"https:\/\/eljardinderosas.cl\/inicio\/#logo"}},{"@type":"WebSite","@id":"https:\/\/eljardinderosas.cl\/inicio\/#website","url":"https:\/\/eljardinderosas.cl\/inicio\/","name":"Floreria El jardin de las Rosas","description":"Flores en Santiago","publisher":{"@id":"https:\/\/eljardinderosas.cl\/inicio\/#organization"},"potentialAction":[{"@type":"SearchAction","target":{"@type":"EntryPoint","urlTemplate":"https:\/\/eljardinderosas.cl\/inicio\/?s={search_term_string}"},"query-input":"required name=search_term_string"}],"inLanguage":"es"},{"@type":"ImageObject","@id":"https:\/\/eljardinderosas.cl\/inicio\/tienda\/ofertas-de-la-semana\/box-con-12-rosas-rojas-y-6-varas-de-lilium-blancos\/#primaryimage","inLanguage":"es","url":"https:\/\/eljardinderosas.cl\/inicio\/wp-content\/uploads\/2021\/01\/86042c57-4d81-4d37-b835-2834bc1f4185.png","contentUrl":"https:\/\/eljardinderosas.cl\/inicio\/wp-content\/uploads\/2021\/01\/86042c57-4d81-4d37-b835-2834bc1f4185.png","width":1024,"height":1536},{"@type":"WebPage","@id":"https:\/\/eljardinderosas.cl\/inicio\/tienda\/ofertas-de-la-semana\/box-con-12-rosas-rojas-y-6-varas-de-lilium-blancos\/#webpage","url":"https:\/\/eljardinderosas.cl\/inicio\/tienda\/ofertas-de-la-semana\/box-con-12-rosas-rojas-y-6-varas-de-lilium-blancos\/","name":"Box con 12 rosas rojas y 6 varas de lilium blancos - El Jardin de Rosas","isPartOf":{"@id":"https:\/\/eljardinderosas.cl\/inicio\/#website"},"primaryImageOfPage":{"@id":"https:\/\/eljardinderosas.cl\/inicio\/tienda\/ofertas-de-la-semana\/box-con-12-rosas-rojas-y-6-varas-de-lilium-blancos\/#primaryimage"},"datePublished":"2021-01-31T00:00:03+00:00","dateModified":"2026-04-16T21:42:49+00:00","description":"Sorprende a la mujer m\u00e1s importante de tu vida con hermosos arreglos en caja con rosas rojas y lilium blancos con D\u00eda de la Mam\u00e1!","breadcrumb":{"@id":"https:\/\/eljardinderosas.cl\/inicio\/tienda\/ofertas-de-la-semana\/box-con-12-rosas-rojas-y-6-varas-de-lilium-blancos\/#breadcrumb"},"inLanguage":"es","potentialAction":[{"@type":"ReadAction","target":["https:\/\/eljardinderosas.cl\/inicio\/tienda\/ofertas-de-la-semana\/box-con-12-rosas-rojas-y-6-varas-de-lilium-blancos\/"]}]},{"@type":"BreadcrumbList","@id":"https:\/\/eljardinderosas.cl\/inicio\/tienda\/ofertas-de-la-semana\/box-con-12-rosas-rojas-y-6-varas-de-lilium-blancos\/#breadcrumb","itemListElement":[{"@type":"ListItem","position":1,"name":"Home","item":"https:\/\/eljardinderosas.cl\/inicio\/"},{"@type":"ListItem","position":2,"name":"Tienda","item":"https:\/\/eljardinderosas.cl\/inicio\/tienda\/"},{"@type":"ListItem","position":3,"name":"Box con 12 rosas rojas y 6 varas de lilium blancos"}]}]}},"_links":{"self":[{"href":"https:\/\/eljardinderosas.cl\/inicio\/wp-json\/wp\/v2\/product\/8562"}],"collection":[{"href":"https:\/\/eljardinderosas.cl\/inicio\/wp-json\/wp\/v2\/product"}],"about":[{"href":"https:\/\/eljardinderosas.cl\/inicio\/wp-json\/wp\/v2\/types\/product"}],"wp:featuredmedia":[{"embeddable":true,"href":"https:\/\/eljardinderosas.cl\/inicio\/wp-json\/wp\/v2\/media\/20277"}],"wp:attachment":[{"href":"https:\/\/eljardinderosas.cl\/inicio\/wp-json\/wp\/v2\/media?parent=8562"}],"wp:term":[{"taxonomy":"product_cat","embeddable":true,"href":"https:\/\/eljardinderosas.cl\/inicio\/wp-json\/wp\/v2\/product_cat?post=8562"},{"taxonomy":"product_tag","embeddable":true,"href":"https:\/\/eljardinderosas.cl\/inicio\/wp-json\/wp\/v2\/product_tag?post=8562"}],"curies":[{"name":"wp","href":"https:\/\/api.w.org\/{rel}","templated":true}]}}