{"id":883,"date":"2020-10-16T22:06:02","date_gmt":"2020-10-17T01:06:02","guid":{"rendered":"https:\/\/eljardinderosas.cl\/inicio\/?post_type=product&#038;p=883"},"modified":"2026-01-14T09:39:49","modified_gmt":"2026-01-14T12:39:49","slug":"base-redonda-con-30-flores-de-tulipanes-surtidos-para-mama","status":"publish","type":"product","link":"https:\/\/eljardinderosas.cl\/inicio\/tienda\/arreglos-florales\/arreglos-con-tulipanes\/base-redonda-con-30-flores-de-tulipanes-surtidos-para-mama\/","title":{"rendered":"Base redonda con 30 flores de tulipanes surtidos para mam\u00e1"},"content":{"rendered":"<p>Este exquisita base  redonda  de 30 tulipanes combina la vibrante energ\u00eda del naranja, la pasi\u00f3n del fucsia y la alegr\u00eda del amarillo, creando un arreglo lleno de vida y color. Cada flor ha sido cuidadosamente seleccionada para transmitir amor, gratitud y admiraci\u00f3n, haciendo de este ramo el regalo perfecto para mam\u00e1 en su d\u00eda especial. Su delicado aroma y su belleza radiante reflejan la dulzura y fortaleza que solo una madre puede tener. Un detalle floral que iluminar\u00e1 su d\u00eda y har\u00e1 que se sienta profundamente querida y apreciada.<\/p>\n","protected":false},"excerpt":{"rendered":"<p>Este exquisita base redonda de 30 tulipanes combina la vibrante energ\u00eda del naranja, la pasi\u00f3n del fucsia y la alegr\u00eda del amarillo, creando un arreglo lleno de vida y color. Cada flor ha sido cuidadosamente seleccionada para transmitir amor, gratitud y admiraci\u00f3n, haciendo de este ramo el regalo perfecto para mam\u00e1 en su d\u00eda especial. [&#8230;]\n","protected":false},"featured_media":18598,"template":"","meta":[],"product_cat":[80,263],"product_tag":[286,167],"yoast_head":"<!-- This site is optimized with the Yoast SEO Premium plugin v17.1.2 (Yoast SEO v17.3) - https:\/\/yoast.com\/wordpress\/plugins\/seo\/ -->\n<title>Base redonda con 30 flores de tulipanes surtidos para mam\u00e1 - El Jardin de Rosas<\/title>\n<meta name=\"robots\" content=\"index, follow, max-snippet:-1, max-image-preview:large, max-video-preview:-1\" \/>\n<link rel=\"canonical\" href=\"https:\/\/eljardinderosas.cl\/inicio\/tienda\/arreglos-florales\/arreglos-con-tulipanes\/base-redonda-con-30-flores-de-tulipanes-surtidos-para-mama\/\" \/>\n<meta property=\"og:locale\" content=\"es_ES\" \/>\n<meta property=\"og:type\" content=\"article\" \/>\n<meta property=\"og:title\" content=\"Base redonda con 30 flores de tulipanes surtidos para mam\u00e1\" \/>\n<meta property=\"og:description\" content=\"Este exquisita base redonda de 30 tulipanes combina la vibrante energ\u00eda del naranja, la pasi\u00f3n del fucsia y la alegr\u00eda del amarillo, creando un arreglo lleno de vida y color. Cada flor ha sido cuidadosamente seleccionada para transmitir amor, gratitud y admiraci\u00f3n, haciendo de este ramo el regalo perfecto para mam\u00e1 en su d\u00eda especial. [...]\" \/>\n<meta property=\"og:url\" content=\"https:\/\/eljardinderosas.cl\/inicio\/tienda\/arreglos-florales\/arreglos-con-tulipanes\/base-redonda-con-30-flores-de-tulipanes-surtidos-para-mama\/\" \/>\n<meta property=\"og:site_name\" content=\"El Jardin de Rosas\" \/>\n<meta property=\"article:modified_time\" content=\"2026-01-14T12:39:49+00:00\" \/>\n<meta property=\"og:image\" content=\"https:\/\/eljardinderosas.cl\/inicio\/wp-content\/uploads\/2020\/10\/base_redonda_con_tulipanes_surtidos-removebg-preview.png\" \/>\n\t<meta property=\"og:image:width\" content=\"500\" \/>\n\t<meta property=\"og:image:height\" content=\"500\" \/>\n<meta name=\"twitter:card\" content=\"summary_large_image\" \/>\n<meta name=\"twitter:label1\" content=\"Tiempo de lectura\" \/>\n\t<meta name=\"twitter:data1\" content=\"1 minuto\" \/>\n<script type=\"application\/ld+json\" class=\"yoast-schema-graph\">{\"@context\":\"https:\/\/schema.org\",\"@graph\":[{\"@type\":\"Organization\",\"@id\":\"https:\/\/eljardinderosas.cl\/inicio\/#organization\",\"name\":\"El jardin de las rosas\",\"url\":\"https:\/\/eljardinderosas.cl\/inicio\/\",\"sameAs\":[\"https:\/\/www.instagram.com\/floreria_eljardinderosas\/\"],\"logo\":{\"@type\":\"ImageObject\",\"@id\":\"https:\/\/eljardinderosas.cl\/inicio\/#logo\",\"inLanguage\":\"es\",\"url\":\"https:\/\/eljardinderosas.cl\/inicio\/wp-content\/uploads\/2020\/10\/eljardinderosas-mail.png\",\"contentUrl\":\"https:\/\/eljardinderosas.cl\/inicio\/wp-content\/uploads\/2020\/10\/eljardinderosas-mail.png\",\"width\":317,\"height\":97,\"caption\":\"El jardin de las rosas\"},\"image\":{\"@id\":\"https:\/\/eljardinderosas.cl\/inicio\/#logo\"}},{\"@type\":\"WebSite\",\"@id\":\"https:\/\/eljardinderosas.cl\/inicio\/#website\",\"url\":\"https:\/\/eljardinderosas.cl\/inicio\/\",\"name\":\"Floreria El jardin de las Rosas\",\"description\":\"Flores en Santiago\",\"publisher\":{\"@id\":\"https:\/\/eljardinderosas.cl\/inicio\/#organization\"},\"potentialAction\":[{\"@type\":\"SearchAction\",\"target\":{\"@type\":\"EntryPoint\",\"urlTemplate\":\"https:\/\/eljardinderosas.cl\/inicio\/?s={search_term_string}\"},\"query-input\":\"required name=search_term_string\"}],\"inLanguage\":\"es\"},{\"@type\":\"ImageObject\",\"@id\":\"https:\/\/eljardinderosas.cl\/inicio\/tienda\/arreglos-florales\/arreglos-con-tulipanes\/base-redonda-con-30-flores-de-tulipanes-surtidos-para-mama\/#primaryimage\",\"inLanguage\":\"es\",\"url\":\"https:\/\/eljardinderosas.cl\/inicio\/wp-content\/uploads\/2020\/10\/base_redonda_con_tulipanes_surtidos-removebg-preview.png\",\"contentUrl\":\"https:\/\/eljardinderosas.cl\/inicio\/wp-content\/uploads\/2020\/10\/base_redonda_con_tulipanes_surtidos-removebg-preview.png\",\"width\":500,\"height\":500},{\"@type\":\"WebPage\",\"@id\":\"https:\/\/eljardinderosas.cl\/inicio\/tienda\/arreglos-florales\/arreglos-con-tulipanes\/base-redonda-con-30-flores-de-tulipanes-surtidos-para-mama\/#webpage\",\"url\":\"https:\/\/eljardinderosas.cl\/inicio\/tienda\/arreglos-florales\/arreglos-con-tulipanes\/base-redonda-con-30-flores-de-tulipanes-surtidos-para-mama\/\",\"name\":\"Base redonda con 30 flores de tulipanes surtidos para mam\\u00e1 - El Jardin de Rosas\",\"isPartOf\":{\"@id\":\"https:\/\/eljardinderosas.cl\/inicio\/#website\"},\"primaryImageOfPage\":{\"@id\":\"https:\/\/eljardinderosas.cl\/inicio\/tienda\/arreglos-florales\/arreglos-con-tulipanes\/base-redonda-con-30-flores-de-tulipanes-surtidos-para-mama\/#primaryimage\"},\"datePublished\":\"2020-10-17T01:06:02+00:00\",\"dateModified\":\"2026-01-14T12:39:49+00:00\",\"breadcrumb\":{\"@id\":\"https:\/\/eljardinderosas.cl\/inicio\/tienda\/arreglos-florales\/arreglos-con-tulipanes\/base-redonda-con-30-flores-de-tulipanes-surtidos-para-mama\/#breadcrumb\"},\"inLanguage\":\"es\",\"potentialAction\":[{\"@type\":\"ReadAction\",\"target\":[\"https:\/\/eljardinderosas.cl\/inicio\/tienda\/arreglos-florales\/arreglos-con-tulipanes\/base-redonda-con-30-flores-de-tulipanes-surtidos-para-mama\/\"]}]},{\"@type\":\"BreadcrumbList\",\"@id\":\"https:\/\/eljardinderosas.cl\/inicio\/tienda\/arreglos-florales\/arreglos-con-tulipanes\/base-redonda-con-30-flores-de-tulipanes-surtidos-para-mama\/#breadcrumb\",\"itemListElement\":[{\"@type\":\"ListItem\",\"position\":1,\"name\":\"Home\",\"item\":\"https:\/\/eljardinderosas.cl\/inicio\/\"},{\"@type\":\"ListItem\",\"position\":2,\"name\":\"Tienda\",\"item\":\"https:\/\/eljardinderosas.cl\/inicio\/tienda\/\"},{\"@type\":\"ListItem\",\"position\":3,\"name\":\"Base redonda con 30 flores de tulipanes surtidos para mam\\u00e1\"}]}]}<\/script>\n<!-- \/ Yoast SEO Premium plugin. -->","yoast_head_json":{"title":"Base redonda con 30 flores de tulipanes surtidos para mam\u00e1 - El Jardin de Rosas","robots":{"index":"index","follow":"follow","max-snippet":"max-snippet:-1","max-image-preview":"max-image-preview:large","max-video-preview":"max-video-preview:-1"},"canonical":"https:\/\/eljardinderosas.cl\/inicio\/tienda\/arreglos-florales\/arreglos-con-tulipanes\/base-redonda-con-30-flores-de-tulipanes-surtidos-para-mama\/","og_locale":"es_ES","og_type":"article","og_title":"Base redonda con 30 flores de tulipanes surtidos para mam\u00e1","og_description":"Este exquisita base redonda de 30 tulipanes combina la vibrante energ\u00eda del naranja, la pasi\u00f3n del fucsia y la alegr\u00eda del amarillo, creando un arreglo lleno de vida y color. Cada flor ha sido cuidadosamente seleccionada para transmitir amor, gratitud y admiraci\u00f3n, haciendo de este ramo el regalo perfecto para mam\u00e1 en su d\u00eda especial. [...]","og_url":"https:\/\/eljardinderosas.cl\/inicio\/tienda\/arreglos-florales\/arreglos-con-tulipanes\/base-redonda-con-30-flores-de-tulipanes-surtidos-para-mama\/","og_site_name":"El Jardin de Rosas","article_modified_time":"2026-01-14T12:39:49+00:00","og_image":[{"width":500,"height":500,"url":"https:\/\/eljardinderosas.cl\/inicio\/wp-content\/uploads\/2020\/10\/base_redonda_con_tulipanes_surtidos-removebg-preview.png","type":"image\/png"}],"twitter_card":"summary_large_image","twitter_misc":{"Tiempo de lectura":"1 minuto"},"schema":{"@context":"https:\/\/schema.org","@graph":[{"@type":"Organization","@id":"https:\/\/eljardinderosas.cl\/inicio\/#organization","name":"El jardin de las rosas","url":"https:\/\/eljardinderosas.cl\/inicio\/","sameAs":["https:\/\/www.instagram.com\/floreria_eljardinderosas\/"],"logo":{"@type":"ImageObject","@id":"https:\/\/eljardinderosas.cl\/inicio\/#logo","inLanguage":"es","url":"https:\/\/eljardinderosas.cl\/inicio\/wp-content\/uploads\/2020\/10\/eljardinderosas-mail.png","contentUrl":"https:\/\/eljardinderosas.cl\/inicio\/wp-content\/uploads\/2020\/10\/eljardinderosas-mail.png","width":317,"height":97,"caption":"El jardin de las rosas"},"image":{"@id":"https:\/\/eljardinderosas.cl\/inicio\/#logo"}},{"@type":"WebSite","@id":"https:\/\/eljardinderosas.cl\/inicio\/#website","url":"https:\/\/eljardinderosas.cl\/inicio\/","name":"Floreria El jardin de las Rosas","description":"Flores en Santiago","publisher":{"@id":"https:\/\/eljardinderosas.cl\/inicio\/#organization"},"potentialAction":[{"@type":"SearchAction","target":{"@type":"EntryPoint","urlTemplate":"https:\/\/eljardinderosas.cl\/inicio\/?s={search_term_string}"},"query-input":"required name=search_term_string"}],"inLanguage":"es"},{"@type":"ImageObject","@id":"https:\/\/eljardinderosas.cl\/inicio\/tienda\/arreglos-florales\/arreglos-con-tulipanes\/base-redonda-con-30-flores-de-tulipanes-surtidos-para-mama\/#primaryimage","inLanguage":"es","url":"https:\/\/eljardinderosas.cl\/inicio\/wp-content\/uploads\/2020\/10\/base_redonda_con_tulipanes_surtidos-removebg-preview.png","contentUrl":"https:\/\/eljardinderosas.cl\/inicio\/wp-content\/uploads\/2020\/10\/base_redonda_con_tulipanes_surtidos-removebg-preview.png","width":500,"height":500},{"@type":"WebPage","@id":"https:\/\/eljardinderosas.cl\/inicio\/tienda\/arreglos-florales\/arreglos-con-tulipanes\/base-redonda-con-30-flores-de-tulipanes-surtidos-para-mama\/#webpage","url":"https:\/\/eljardinderosas.cl\/inicio\/tienda\/arreglos-florales\/arreglos-con-tulipanes\/base-redonda-con-30-flores-de-tulipanes-surtidos-para-mama\/","name":"Base redonda con 30 flores de tulipanes surtidos para mam\u00e1 - El Jardin de Rosas","isPartOf":{"@id":"https:\/\/eljardinderosas.cl\/inicio\/#website"},"primaryImageOfPage":{"@id":"https:\/\/eljardinderosas.cl\/inicio\/tienda\/arreglos-florales\/arreglos-con-tulipanes\/base-redonda-con-30-flores-de-tulipanes-surtidos-para-mama\/#primaryimage"},"datePublished":"2020-10-17T01:06:02+00:00","dateModified":"2026-01-14T12:39:49+00:00","breadcrumb":{"@id":"https:\/\/eljardinderosas.cl\/inicio\/tienda\/arreglos-florales\/arreglos-con-tulipanes\/base-redonda-con-30-flores-de-tulipanes-surtidos-para-mama\/#breadcrumb"},"inLanguage":"es","potentialAction":[{"@type":"ReadAction","target":["https:\/\/eljardinderosas.cl\/inicio\/tienda\/arreglos-florales\/arreglos-con-tulipanes\/base-redonda-con-30-flores-de-tulipanes-surtidos-para-mama\/"]}]},{"@type":"BreadcrumbList","@id":"https:\/\/eljardinderosas.cl\/inicio\/tienda\/arreglos-florales\/arreglos-con-tulipanes\/base-redonda-con-30-flores-de-tulipanes-surtidos-para-mama\/#breadcrumb","itemListElement":[{"@type":"ListItem","position":1,"name":"Home","item":"https:\/\/eljardinderosas.cl\/inicio\/"},{"@type":"ListItem","position":2,"name":"Tienda","item":"https:\/\/eljardinderosas.cl\/inicio\/tienda\/"},{"@type":"ListItem","position":3,"name":"Base redonda con 30 flores de tulipanes surtidos para mam\u00e1"}]}]}},"_links":{"self":[{"href":"https:\/\/eljardinderosas.cl\/inicio\/wp-json\/wp\/v2\/product\/883"}],"collection":[{"href":"https:\/\/eljardinderosas.cl\/inicio\/wp-json\/wp\/v2\/product"}],"about":[{"href":"https:\/\/eljardinderosas.cl\/inicio\/wp-json\/wp\/v2\/types\/product"}],"wp:featuredmedia":[{"embeddable":true,"href":"https:\/\/eljardinderosas.cl\/inicio\/wp-json\/wp\/v2\/media\/18598"}],"wp:attachment":[{"href":"https:\/\/eljardinderosas.cl\/inicio\/wp-json\/wp\/v2\/media?parent=883"}],"wp:term":[{"taxonomy":"product_cat","embeddable":true,"href":"https:\/\/eljardinderosas.cl\/inicio\/wp-json\/wp\/v2\/product_cat?post=883"},{"taxonomy":"product_tag","embeddable":true,"href":"https:\/\/eljardinderosas.cl\/inicio\/wp-json\/wp\/v2\/product_tag?post=883"}],"curies":[{"name":"wp","href":"https:\/\/api.w.org\/{rel}","templated":true}]}}