{"id":955,"date":"2020-10-17T10:07:30","date_gmt":"2020-10-17T13:07:30","guid":{"rendered":"https:\/\/eljardinderosas.cl\/inicio\/?post_type=product&#038;p=955"},"modified":"2025-03-19T16:33:52","modified_gmt":"2025-03-19T19:33:52","slug":"arreglo-en-una-base-redonda-con-flores-girasoles-rosas-y-snack","status":"publish","type":"product","link":"https:\/\/eljardinderosas.cl\/inicio\/tienda\/regalos\/regalos-para-hombres-en-san-valentin\/arreglo-en-una-base-redonda-con-flores-girasoles-rosas-y-snack\/","title":{"rendered":"Arreglo en una base redonda con flores girasoles rosas y snack"},"content":{"rendered":"<p>Arreglo floral grande con 6 girasoles y 8 rosas rojas combinadas por una deliciosa mezcla de bocadillos presentada en una atractiva base redonda. Esta selecci\u00f3n incluye una variedad de sabores y texturas, desde crujientes hasta suaves, que satisfacen todos los antojos. Ideal para compartir ente amigos, reuniones cada bocado ofrece una explosi\u00f3n de sabor. La presentaci\u00f3n en base redonda no solo es visualmente atractiva, la opci\u00f3n perfecta para cualquier ocasi\u00f3n<\/p>\n","protected":false},"excerpt":{"rendered":"<p>Arreglo floral grande con 6 girasoles y 8 rosas rojas combinadas por una deliciosa mezcla de bocadillos presentada en una atractiva base redonda. Esta selecci\u00f3n incluye una variedad de sabores y texturas, desde crujientes hasta suaves, que satisfacen todos los antojos. Ideal para compartir ente amigos, reuniones cada bocado ofrece una explosi\u00f3n de sabor. La [&#8230;]\n","protected":false},"featured_media":17925,"template":"","meta":[],"product_cat":[101,102],"product_tag":[114,117,138,113,115,162],"yoast_head":"<!-- This site is optimized with the Yoast SEO Premium plugin v17.1.2 (Yoast SEO v17.3) - https:\/\/yoast.com\/wordpress\/plugins\/seo\/ -->\n<title>Arreglo en una base redonda con flores girasoles rosas y snack - El Jardin de Rosas<\/title>\n<meta name=\"robots\" content=\"index, follow, max-snippet:-1, max-image-preview:large, max-video-preview:-1\" \/>\n<link rel=\"canonical\" href=\"https:\/\/eljardinderosas.cl\/inicio\/tienda\/regalos\/regalos-para-hombres-en-san-valentin\/arreglo-en-una-base-redonda-con-flores-girasoles-rosas-y-snack\/\" \/>\n<meta property=\"og:locale\" content=\"es_ES\" \/>\n<meta property=\"og:type\" content=\"article\" \/>\n<meta property=\"og:title\" content=\"Arreglo en una base redonda con flores girasoles rosas y snack\" \/>\n<meta property=\"og:description\" content=\"Arreglo floral grande con 6 girasoles y 8 rosas rojas combinadas por una deliciosa mezcla de bocadillos presentada en una atractiva base redonda. Esta selecci\u00f3n incluye una variedad de sabores y texturas, desde crujientes hasta suaves, que satisfacen todos los antojos. Ideal para compartir ente amigos, reuniones cada bocado ofrece una explosi\u00f3n de sabor. La [...]\" \/>\n<meta property=\"og:url\" content=\"https:\/\/eljardinderosas.cl\/inicio\/tienda\/regalos\/regalos-para-hombres-en-san-valentin\/arreglo-en-una-base-redonda-con-flores-girasoles-rosas-y-snack\/\" \/>\n<meta property=\"og:site_name\" content=\"El Jardin de Rosas\" \/>\n<meta property=\"article:modified_time\" content=\"2025-03-19T19:33:52+00:00\" \/>\n<meta property=\"og:image\" content=\"https:\/\/eljardinderosas.cl\/inicio\/wp-content\/uploads\/2020\/10\/ARREGLO-EN-BASE-REDONDA-CON-ROSAS-GIRASOLES-Y-UNA-VARIEDAD-DE-SNACK.jpg\" \/>\n\t<meta property=\"og:image:width\" content=\"511\" \/>\n\t<meta property=\"og:image:height\" content=\"540\" \/>\n<meta name=\"twitter:card\" content=\"summary_large_image\" \/>\n<script type=\"application\/ld+json\" class=\"yoast-schema-graph\">{\"@context\":\"https:\/\/schema.org\",\"@graph\":[{\"@type\":\"Organization\",\"@id\":\"https:\/\/eljardinderosas.cl\/inicio\/#organization\",\"name\":\"El jardin de las rosas\",\"url\":\"https:\/\/eljardinderosas.cl\/inicio\/\",\"sameAs\":[\"https:\/\/www.instagram.com\/floreria_eljardinderosas\/\"],\"logo\":{\"@type\":\"ImageObject\",\"@id\":\"https:\/\/eljardinderosas.cl\/inicio\/#logo\",\"inLanguage\":\"es\",\"url\":\"https:\/\/eljardinderosas.cl\/inicio\/wp-content\/uploads\/2020\/10\/eljardinderosas-mail.png\",\"contentUrl\":\"https:\/\/eljardinderosas.cl\/inicio\/wp-content\/uploads\/2020\/10\/eljardinderosas-mail.png\",\"width\":317,\"height\":97,\"caption\":\"El jardin de las rosas\"},\"image\":{\"@id\":\"https:\/\/eljardinderosas.cl\/inicio\/#logo\"}},{\"@type\":\"WebSite\",\"@id\":\"https:\/\/eljardinderosas.cl\/inicio\/#website\",\"url\":\"https:\/\/eljardinderosas.cl\/inicio\/\",\"name\":\"Floreria El jardin de las Rosas\",\"description\":\"Flores en Santiago\",\"publisher\":{\"@id\":\"https:\/\/eljardinderosas.cl\/inicio\/#organization\"},\"potentialAction\":[{\"@type\":\"SearchAction\",\"target\":{\"@type\":\"EntryPoint\",\"urlTemplate\":\"https:\/\/eljardinderosas.cl\/inicio\/?s={search_term_string}\"},\"query-input\":\"required name=search_term_string\"}],\"inLanguage\":\"es\"},{\"@type\":\"ImageObject\",\"@id\":\"https:\/\/eljardinderosas.cl\/inicio\/tienda\/regalos\/regalos-para-hombres-en-san-valentin\/arreglo-en-una-base-redonda-con-flores-girasoles-rosas-y-snack\/#primaryimage\",\"inLanguage\":\"es\",\"url\":\"https:\/\/eljardinderosas.cl\/inicio\/wp-content\/uploads\/2020\/10\/ARREGLO-EN-BASE-REDONDA-CON-ROSAS-GIRASOLES-Y-UNA-VARIEDAD-DE-SNACK.jpg\",\"contentUrl\":\"https:\/\/eljardinderosas.cl\/inicio\/wp-content\/uploads\/2020\/10\/ARREGLO-EN-BASE-REDONDA-CON-ROSAS-GIRASOLES-Y-UNA-VARIEDAD-DE-SNACK.jpg\",\"width\":511,\"height\":540},{\"@type\":\"WebPage\",\"@id\":\"https:\/\/eljardinderosas.cl\/inicio\/tienda\/regalos\/regalos-para-hombres-en-san-valentin\/arreglo-en-una-base-redonda-con-flores-girasoles-rosas-y-snack\/#webpage\",\"url\":\"https:\/\/eljardinderosas.cl\/inicio\/tienda\/regalos\/regalos-para-hombres-en-san-valentin\/arreglo-en-una-base-redonda-con-flores-girasoles-rosas-y-snack\/\",\"name\":\"Arreglo en una base redonda con flores girasoles rosas y snack - El Jardin de Rosas\",\"isPartOf\":{\"@id\":\"https:\/\/eljardinderosas.cl\/inicio\/#website\"},\"primaryImageOfPage\":{\"@id\":\"https:\/\/eljardinderosas.cl\/inicio\/tienda\/regalos\/regalos-para-hombres-en-san-valentin\/arreglo-en-una-base-redonda-con-flores-girasoles-rosas-y-snack\/#primaryimage\"},\"datePublished\":\"2020-10-17T13:07:30+00:00\",\"dateModified\":\"2025-03-19T19:33:52+00:00\",\"breadcrumb\":{\"@id\":\"https:\/\/eljardinderosas.cl\/inicio\/tienda\/regalos\/regalos-para-hombres-en-san-valentin\/arreglo-en-una-base-redonda-con-flores-girasoles-rosas-y-snack\/#breadcrumb\"},\"inLanguage\":\"es\",\"potentialAction\":[{\"@type\":\"ReadAction\",\"target\":[\"https:\/\/eljardinderosas.cl\/inicio\/tienda\/regalos\/regalos-para-hombres-en-san-valentin\/arreglo-en-una-base-redonda-con-flores-girasoles-rosas-y-snack\/\"]}]},{\"@type\":\"BreadcrumbList\",\"@id\":\"https:\/\/eljardinderosas.cl\/inicio\/tienda\/regalos\/regalos-para-hombres-en-san-valentin\/arreglo-en-una-base-redonda-con-flores-girasoles-rosas-y-snack\/#breadcrumb\",\"itemListElement\":[{\"@type\":\"ListItem\",\"position\":1,\"name\":\"Home\",\"item\":\"https:\/\/eljardinderosas.cl\/inicio\/\"},{\"@type\":\"ListItem\",\"position\":2,\"name\":\"Tienda\",\"item\":\"https:\/\/eljardinderosas.cl\/inicio\/tienda\/\"},{\"@type\":\"ListItem\",\"position\":3,\"name\":\"Arreglo en una base redonda con flores girasoles rosas y snack\"}]}]}<\/script>\n<!-- \/ Yoast SEO Premium plugin. -->","yoast_head_json":{"title":"Arreglo en una base redonda con flores girasoles rosas y snack - El Jardin de Rosas","robots":{"index":"index","follow":"follow","max-snippet":"max-snippet:-1","max-image-preview":"max-image-preview:large","max-video-preview":"max-video-preview:-1"},"canonical":"https:\/\/eljardinderosas.cl\/inicio\/tienda\/regalos\/regalos-para-hombres-en-san-valentin\/arreglo-en-una-base-redonda-con-flores-girasoles-rosas-y-snack\/","og_locale":"es_ES","og_type":"article","og_title":"Arreglo en una base redonda con flores girasoles rosas y snack","og_description":"Arreglo floral grande con 6 girasoles y 8 rosas rojas combinadas por una deliciosa mezcla de bocadillos presentada en una atractiva base redonda. Esta selecci\u00f3n incluye una variedad de sabores y texturas, desde crujientes hasta suaves, que satisfacen todos los antojos. Ideal para compartir ente amigos, reuniones cada bocado ofrece una explosi\u00f3n de sabor. La [...]","og_url":"https:\/\/eljardinderosas.cl\/inicio\/tienda\/regalos\/regalos-para-hombres-en-san-valentin\/arreglo-en-una-base-redonda-con-flores-girasoles-rosas-y-snack\/","og_site_name":"El Jardin de Rosas","article_modified_time":"2025-03-19T19:33:52+00:00","og_image":[{"width":511,"height":540,"url":"https:\/\/eljardinderosas.cl\/inicio\/wp-content\/uploads\/2020\/10\/ARREGLO-EN-BASE-REDONDA-CON-ROSAS-GIRASOLES-Y-UNA-VARIEDAD-DE-SNACK.jpg","type":"image\/jpeg"}],"twitter_card":"summary_large_image","schema":{"@context":"https:\/\/schema.org","@graph":[{"@type":"Organization","@id":"https:\/\/eljardinderosas.cl\/inicio\/#organization","name":"El jardin de las rosas","url":"https:\/\/eljardinderosas.cl\/inicio\/","sameAs":["https:\/\/www.instagram.com\/floreria_eljardinderosas\/"],"logo":{"@type":"ImageObject","@id":"https:\/\/eljardinderosas.cl\/inicio\/#logo","inLanguage":"es","url":"https:\/\/eljardinderosas.cl\/inicio\/wp-content\/uploads\/2020\/10\/eljardinderosas-mail.png","contentUrl":"https:\/\/eljardinderosas.cl\/inicio\/wp-content\/uploads\/2020\/10\/eljardinderosas-mail.png","width":317,"height":97,"caption":"El jardin de las rosas"},"image":{"@id":"https:\/\/eljardinderosas.cl\/inicio\/#logo"}},{"@type":"WebSite","@id":"https:\/\/eljardinderosas.cl\/inicio\/#website","url":"https:\/\/eljardinderosas.cl\/inicio\/","name":"Floreria El jardin de las Rosas","description":"Flores en Santiago","publisher":{"@id":"https:\/\/eljardinderosas.cl\/inicio\/#organization"},"potentialAction":[{"@type":"SearchAction","target":{"@type":"EntryPoint","urlTemplate":"https:\/\/eljardinderosas.cl\/inicio\/?s={search_term_string}"},"query-input":"required name=search_term_string"}],"inLanguage":"es"},{"@type":"ImageObject","@id":"https:\/\/eljardinderosas.cl\/inicio\/tienda\/regalos\/regalos-para-hombres-en-san-valentin\/arreglo-en-una-base-redonda-con-flores-girasoles-rosas-y-snack\/#primaryimage","inLanguage":"es","url":"https:\/\/eljardinderosas.cl\/inicio\/wp-content\/uploads\/2020\/10\/ARREGLO-EN-BASE-REDONDA-CON-ROSAS-GIRASOLES-Y-UNA-VARIEDAD-DE-SNACK.jpg","contentUrl":"https:\/\/eljardinderosas.cl\/inicio\/wp-content\/uploads\/2020\/10\/ARREGLO-EN-BASE-REDONDA-CON-ROSAS-GIRASOLES-Y-UNA-VARIEDAD-DE-SNACK.jpg","width":511,"height":540},{"@type":"WebPage","@id":"https:\/\/eljardinderosas.cl\/inicio\/tienda\/regalos\/regalos-para-hombres-en-san-valentin\/arreglo-en-una-base-redonda-con-flores-girasoles-rosas-y-snack\/#webpage","url":"https:\/\/eljardinderosas.cl\/inicio\/tienda\/regalos\/regalos-para-hombres-en-san-valentin\/arreglo-en-una-base-redonda-con-flores-girasoles-rosas-y-snack\/","name":"Arreglo en una base redonda con flores girasoles rosas y snack - El Jardin de Rosas","isPartOf":{"@id":"https:\/\/eljardinderosas.cl\/inicio\/#website"},"primaryImageOfPage":{"@id":"https:\/\/eljardinderosas.cl\/inicio\/tienda\/regalos\/regalos-para-hombres-en-san-valentin\/arreglo-en-una-base-redonda-con-flores-girasoles-rosas-y-snack\/#primaryimage"},"datePublished":"2020-10-17T13:07:30+00:00","dateModified":"2025-03-19T19:33:52+00:00","breadcrumb":{"@id":"https:\/\/eljardinderosas.cl\/inicio\/tienda\/regalos\/regalos-para-hombres-en-san-valentin\/arreglo-en-una-base-redonda-con-flores-girasoles-rosas-y-snack\/#breadcrumb"},"inLanguage":"es","potentialAction":[{"@type":"ReadAction","target":["https:\/\/eljardinderosas.cl\/inicio\/tienda\/regalos\/regalos-para-hombres-en-san-valentin\/arreglo-en-una-base-redonda-con-flores-girasoles-rosas-y-snack\/"]}]},{"@type":"BreadcrumbList","@id":"https:\/\/eljardinderosas.cl\/inicio\/tienda\/regalos\/regalos-para-hombres-en-san-valentin\/arreglo-en-una-base-redonda-con-flores-girasoles-rosas-y-snack\/#breadcrumb","itemListElement":[{"@type":"ListItem","position":1,"name":"Home","item":"https:\/\/eljardinderosas.cl\/inicio\/"},{"@type":"ListItem","position":2,"name":"Tienda","item":"https:\/\/eljardinderosas.cl\/inicio\/tienda\/"},{"@type":"ListItem","position":3,"name":"Arreglo en una base redonda con flores girasoles rosas y snack"}]}]}},"_links":{"self":[{"href":"https:\/\/eljardinderosas.cl\/inicio\/wp-json\/wp\/v2\/product\/955"}],"collection":[{"href":"https:\/\/eljardinderosas.cl\/inicio\/wp-json\/wp\/v2\/product"}],"about":[{"href":"https:\/\/eljardinderosas.cl\/inicio\/wp-json\/wp\/v2\/types\/product"}],"wp:featuredmedia":[{"embeddable":true,"href":"https:\/\/eljardinderosas.cl\/inicio\/wp-json\/wp\/v2\/media\/17925"}],"wp:attachment":[{"href":"https:\/\/eljardinderosas.cl\/inicio\/wp-json\/wp\/v2\/media?parent=955"}],"wp:term":[{"taxonomy":"product_cat","embeddable":true,"href":"https:\/\/eljardinderosas.cl\/inicio\/wp-json\/wp\/v2\/product_cat?post=955"},{"taxonomy":"product_tag","embeddable":true,"href":"https:\/\/eljardinderosas.cl\/inicio\/wp-json\/wp\/v2\/product_tag?post=955"}],"curies":[{"name":"wp","href":"https:\/\/api.w.org\/{rel}","templated":true}]}}