{"id":961,"date":"2020-10-17T10:13:56","date_gmt":"2020-10-17T13:13:56","guid":{"rendered":"https:\/\/eljardinderosas.cl\/inicio\/?post_type=product&#038;p=961"},"modified":"2025-12-01T17:59:18","modified_gmt":"2025-12-01T20:59:18","slug":"florero-100-rosas-ecuatorianas-blancas-envio-a-domicilio","status":"publish","type":"product","link":"https:\/\/eljardinderosas.cl\/inicio\/tienda\/arreglos-florales\/rosas\/florero-100-rosas-ecuatorianas-blancas-envio-a-domicilio\/","title":{"rendered":"Florero 100 Rosas Ecuatorianas Blancas envio a domicilio"},"content":{"rendered":"<ul>\n<li>No dejes pasar esta oportunidad de mostrarle a tu mam\u00e1 lo especial que es. Haz de este D\u00eda de la Madre un d\u00eda inolvidable lleno de amor y gratitud. \u00a1Ella se lo merece sorpr\u00e9ndela con este impresionante arreglo floral en un exclusivo florero que estas 100 rosas blancas la persona que recibir\u00e1 quedara impresionada por tan bello presente si busca un arreglo que la persona que reciba quede plenamente maravillada por el regalo que haz enviado estamos seguro que te lo va agradecer toda la vida incluye bella tarjeta de saludos para que puedas escribir unas l\u00edneas y expresar lo importante que es para ti&#8230;<\/li>\n<\/ul>\n","protected":false},"excerpt":{"rendered":"<p>No dejes pasar esta oportunidad de mostrarle a tu mam\u00e1 lo especial que es. Haz de este D\u00eda de la Madre un d\u00eda inolvidable lleno de amor y gratitud. \u00a1Ella se lo merece sorpr\u00e9ndela con este impresionante arreglo floral en un exclusivo florero que estas 100 rosas blancas la persona que recibir\u00e1 quedara impresionada por [&#8230;]\n","protected":false},"featured_media":13090,"template":"","meta":[],"product_cat":[96,72,84],"product_tag":[151,120,143,234],"yoast_head":"<!-- This site is optimized with the Yoast SEO Premium plugin v17.1.2 (Yoast SEO v17.3) - https:\/\/yoast.com\/wordpress\/plugins\/seo\/ -->\n<title>Florero 100 Rosas Ecuatorianas Blancas envio a domicilio - El Jardin de Rosas<\/title>\n<meta name=\"robots\" content=\"index, follow, max-snippet:-1, max-image-preview:large, max-video-preview:-1\" \/>\n<link rel=\"canonical\" href=\"https:\/\/eljardinderosas.cl\/inicio\/tienda\/arreglos-florales\/rosas\/florero-100-rosas-ecuatorianas-blancas-envio-a-domicilio\/\" \/>\n<meta property=\"og:locale\" content=\"es_ES\" \/>\n<meta property=\"og:type\" content=\"article\" \/>\n<meta property=\"og:title\" content=\"Florero 100 Rosas Ecuatorianas Blancas envio a domicilio\" \/>\n<meta property=\"og:description\" content=\"No dejes pasar esta oportunidad de mostrarle a tu mam\u00e1 lo especial que es. Haz de este D\u00eda de la Madre un d\u00eda inolvidable lleno de amor y gratitud. \u00a1Ella se lo merece sorpr\u00e9ndela con este impresionante arreglo floral en un exclusivo florero que estas 100 rosas blancas la persona que recibir\u00e1 quedara impresionada por [...]\" \/>\n<meta property=\"og:url\" content=\"https:\/\/eljardinderosas.cl\/inicio\/tienda\/arreglos-florales\/rosas\/florero-100-rosas-ecuatorianas-blancas-envio-a-domicilio\/\" \/>\n<meta property=\"og:site_name\" content=\"El Jardin de Rosas\" \/>\n<meta property=\"article:modified_time\" content=\"2025-12-01T20:59:18+00:00\" \/>\n<meta property=\"og:image\" content=\"https:\/\/eljardinderosas.cl\/inicio\/wp-content\/uploads\/2020\/10\/330x370_1133WHz-1-1.jpg\" \/>\n\t<meta property=\"og:image:width\" content=\"482\" \/>\n\t<meta property=\"og:image:height\" content=\"540\" \/>\n<meta name=\"twitter:card\" content=\"summary_large_image\" \/>\n<meta name=\"twitter:label1\" content=\"Tiempo de lectura\" \/>\n\t<meta name=\"twitter:data1\" content=\"1 minuto\" \/>\n<script type=\"application\/ld+json\" class=\"yoast-schema-graph\">{\"@context\":\"https:\/\/schema.org\",\"@graph\":[{\"@type\":\"Organization\",\"@id\":\"https:\/\/eljardinderosas.cl\/inicio\/#organization\",\"name\":\"El jardin de las rosas\",\"url\":\"https:\/\/eljardinderosas.cl\/inicio\/\",\"sameAs\":[\"https:\/\/www.instagram.com\/floreria_eljardinderosas\/\"],\"logo\":{\"@type\":\"ImageObject\",\"@id\":\"https:\/\/eljardinderosas.cl\/inicio\/#logo\",\"inLanguage\":\"es\",\"url\":\"https:\/\/eljardinderosas.cl\/inicio\/wp-content\/uploads\/2020\/10\/eljardinderosas-mail.png\",\"contentUrl\":\"https:\/\/eljardinderosas.cl\/inicio\/wp-content\/uploads\/2020\/10\/eljardinderosas-mail.png\",\"width\":317,\"height\":97,\"caption\":\"El jardin de las rosas\"},\"image\":{\"@id\":\"https:\/\/eljardinderosas.cl\/inicio\/#logo\"}},{\"@type\":\"WebSite\",\"@id\":\"https:\/\/eljardinderosas.cl\/inicio\/#website\",\"url\":\"https:\/\/eljardinderosas.cl\/inicio\/\",\"name\":\"Floreria El jardin de las Rosas\",\"description\":\"Flores en Santiago\",\"publisher\":{\"@id\":\"https:\/\/eljardinderosas.cl\/inicio\/#organization\"},\"potentialAction\":[{\"@type\":\"SearchAction\",\"target\":{\"@type\":\"EntryPoint\",\"urlTemplate\":\"https:\/\/eljardinderosas.cl\/inicio\/?s={search_term_string}\"},\"query-input\":\"required name=search_term_string\"}],\"inLanguage\":\"es\"},{\"@type\":\"ImageObject\",\"@id\":\"https:\/\/eljardinderosas.cl\/inicio\/tienda\/arreglos-florales\/rosas\/florero-100-rosas-ecuatorianas-blancas-envio-a-domicilio\/#primaryimage\",\"inLanguage\":\"es\",\"url\":\"https:\/\/eljardinderosas.cl\/inicio\/wp-content\/uploads\/2020\/10\/330x370_1133WHz-1-1.jpg\",\"contentUrl\":\"https:\/\/eljardinderosas.cl\/inicio\/wp-content\/uploads\/2020\/10\/330x370_1133WHz-1-1.jpg\",\"width\":482,\"height\":540},{\"@type\":\"WebPage\",\"@id\":\"https:\/\/eljardinderosas.cl\/inicio\/tienda\/arreglos-florales\/rosas\/florero-100-rosas-ecuatorianas-blancas-envio-a-domicilio\/#webpage\",\"url\":\"https:\/\/eljardinderosas.cl\/inicio\/tienda\/arreglos-florales\/rosas\/florero-100-rosas-ecuatorianas-blancas-envio-a-domicilio\/\",\"name\":\"Florero 100 Rosas Ecuatorianas Blancas envio a domicilio - El Jardin de Rosas\",\"isPartOf\":{\"@id\":\"https:\/\/eljardinderosas.cl\/inicio\/#website\"},\"primaryImageOfPage\":{\"@id\":\"https:\/\/eljardinderosas.cl\/inicio\/tienda\/arreglos-florales\/rosas\/florero-100-rosas-ecuatorianas-blancas-envio-a-domicilio\/#primaryimage\"},\"datePublished\":\"2020-10-17T13:13:56+00:00\",\"dateModified\":\"2025-12-01T20:59:18+00:00\",\"breadcrumb\":{\"@id\":\"https:\/\/eljardinderosas.cl\/inicio\/tienda\/arreglos-florales\/rosas\/florero-100-rosas-ecuatorianas-blancas-envio-a-domicilio\/#breadcrumb\"},\"inLanguage\":\"es\",\"potentialAction\":[{\"@type\":\"ReadAction\",\"target\":[\"https:\/\/eljardinderosas.cl\/inicio\/tienda\/arreglos-florales\/rosas\/florero-100-rosas-ecuatorianas-blancas-envio-a-domicilio\/\"]}]},{\"@type\":\"BreadcrumbList\",\"@id\":\"https:\/\/eljardinderosas.cl\/inicio\/tienda\/arreglos-florales\/rosas\/florero-100-rosas-ecuatorianas-blancas-envio-a-domicilio\/#breadcrumb\",\"itemListElement\":[{\"@type\":\"ListItem\",\"position\":1,\"name\":\"Home\",\"item\":\"https:\/\/eljardinderosas.cl\/inicio\/\"},{\"@type\":\"ListItem\",\"position\":2,\"name\":\"Tienda\",\"item\":\"https:\/\/eljardinderosas.cl\/inicio\/tienda\/\"},{\"@type\":\"ListItem\",\"position\":3,\"name\":\"Florero 100 Rosas Ecuatorianas Blancas envio a domicilio\"}]}]}<\/script>\n<!-- \/ Yoast SEO Premium plugin. -->","yoast_head_json":{"title":"Florero 100 Rosas Ecuatorianas Blancas envio a domicilio - El Jardin de Rosas","robots":{"index":"index","follow":"follow","max-snippet":"max-snippet:-1","max-image-preview":"max-image-preview:large","max-video-preview":"max-video-preview:-1"},"canonical":"https:\/\/eljardinderosas.cl\/inicio\/tienda\/arreglos-florales\/rosas\/florero-100-rosas-ecuatorianas-blancas-envio-a-domicilio\/","og_locale":"es_ES","og_type":"article","og_title":"Florero 100 Rosas Ecuatorianas Blancas envio a domicilio","og_description":"No dejes pasar esta oportunidad de mostrarle a tu mam\u00e1 lo especial que es. Haz de este D\u00eda de la Madre un d\u00eda inolvidable lleno de amor y gratitud. \u00a1Ella se lo merece sorpr\u00e9ndela con este impresionante arreglo floral en un exclusivo florero que estas 100 rosas blancas la persona que recibir\u00e1 quedara impresionada por [...]","og_url":"https:\/\/eljardinderosas.cl\/inicio\/tienda\/arreglos-florales\/rosas\/florero-100-rosas-ecuatorianas-blancas-envio-a-domicilio\/","og_site_name":"El Jardin de Rosas","article_modified_time":"2025-12-01T20:59:18+00:00","og_image":[{"width":482,"height":540,"url":"https:\/\/eljardinderosas.cl\/inicio\/wp-content\/uploads\/2020\/10\/330x370_1133WHz-1-1.jpg","type":"image\/jpeg"}],"twitter_card":"summary_large_image","twitter_misc":{"Tiempo de lectura":"1 minuto"},"schema":{"@context":"https:\/\/schema.org","@graph":[{"@type":"Organization","@id":"https:\/\/eljardinderosas.cl\/inicio\/#organization","name":"El jardin de las rosas","url":"https:\/\/eljardinderosas.cl\/inicio\/","sameAs":["https:\/\/www.instagram.com\/floreria_eljardinderosas\/"],"logo":{"@type":"ImageObject","@id":"https:\/\/eljardinderosas.cl\/inicio\/#logo","inLanguage":"es","url":"https:\/\/eljardinderosas.cl\/inicio\/wp-content\/uploads\/2020\/10\/eljardinderosas-mail.png","contentUrl":"https:\/\/eljardinderosas.cl\/inicio\/wp-content\/uploads\/2020\/10\/eljardinderosas-mail.png","width":317,"height":97,"caption":"El jardin de las rosas"},"image":{"@id":"https:\/\/eljardinderosas.cl\/inicio\/#logo"}},{"@type":"WebSite","@id":"https:\/\/eljardinderosas.cl\/inicio\/#website","url":"https:\/\/eljardinderosas.cl\/inicio\/","name":"Floreria El jardin de las Rosas","description":"Flores en Santiago","publisher":{"@id":"https:\/\/eljardinderosas.cl\/inicio\/#organization"},"potentialAction":[{"@type":"SearchAction","target":{"@type":"EntryPoint","urlTemplate":"https:\/\/eljardinderosas.cl\/inicio\/?s={search_term_string}"},"query-input":"required name=search_term_string"}],"inLanguage":"es"},{"@type":"ImageObject","@id":"https:\/\/eljardinderosas.cl\/inicio\/tienda\/arreglos-florales\/rosas\/florero-100-rosas-ecuatorianas-blancas-envio-a-domicilio\/#primaryimage","inLanguage":"es","url":"https:\/\/eljardinderosas.cl\/inicio\/wp-content\/uploads\/2020\/10\/330x370_1133WHz-1-1.jpg","contentUrl":"https:\/\/eljardinderosas.cl\/inicio\/wp-content\/uploads\/2020\/10\/330x370_1133WHz-1-1.jpg","width":482,"height":540},{"@type":"WebPage","@id":"https:\/\/eljardinderosas.cl\/inicio\/tienda\/arreglos-florales\/rosas\/florero-100-rosas-ecuatorianas-blancas-envio-a-domicilio\/#webpage","url":"https:\/\/eljardinderosas.cl\/inicio\/tienda\/arreglos-florales\/rosas\/florero-100-rosas-ecuatorianas-blancas-envio-a-domicilio\/","name":"Florero 100 Rosas Ecuatorianas Blancas envio a domicilio - El Jardin de Rosas","isPartOf":{"@id":"https:\/\/eljardinderosas.cl\/inicio\/#website"},"primaryImageOfPage":{"@id":"https:\/\/eljardinderosas.cl\/inicio\/tienda\/arreglos-florales\/rosas\/florero-100-rosas-ecuatorianas-blancas-envio-a-domicilio\/#primaryimage"},"datePublished":"2020-10-17T13:13:56+00:00","dateModified":"2025-12-01T20:59:18+00:00","breadcrumb":{"@id":"https:\/\/eljardinderosas.cl\/inicio\/tienda\/arreglos-florales\/rosas\/florero-100-rosas-ecuatorianas-blancas-envio-a-domicilio\/#breadcrumb"},"inLanguage":"es","potentialAction":[{"@type":"ReadAction","target":["https:\/\/eljardinderosas.cl\/inicio\/tienda\/arreglos-florales\/rosas\/florero-100-rosas-ecuatorianas-blancas-envio-a-domicilio\/"]}]},{"@type":"BreadcrumbList","@id":"https:\/\/eljardinderosas.cl\/inicio\/tienda\/arreglos-florales\/rosas\/florero-100-rosas-ecuatorianas-blancas-envio-a-domicilio\/#breadcrumb","itemListElement":[{"@type":"ListItem","position":1,"name":"Home","item":"https:\/\/eljardinderosas.cl\/inicio\/"},{"@type":"ListItem","position":2,"name":"Tienda","item":"https:\/\/eljardinderosas.cl\/inicio\/tienda\/"},{"@type":"ListItem","position":3,"name":"Florero 100 Rosas Ecuatorianas Blancas envio a domicilio"}]}]}},"_links":{"self":[{"href":"https:\/\/eljardinderosas.cl\/inicio\/wp-json\/wp\/v2\/product\/961"}],"collection":[{"href":"https:\/\/eljardinderosas.cl\/inicio\/wp-json\/wp\/v2\/product"}],"about":[{"href":"https:\/\/eljardinderosas.cl\/inicio\/wp-json\/wp\/v2\/types\/product"}],"wp:featuredmedia":[{"embeddable":true,"href":"https:\/\/eljardinderosas.cl\/inicio\/wp-json\/wp\/v2\/media\/13090"}],"wp:attachment":[{"href":"https:\/\/eljardinderosas.cl\/inicio\/wp-json\/wp\/v2\/media?parent=961"}],"wp:term":[{"taxonomy":"product_cat","embeddable":true,"href":"https:\/\/eljardinderosas.cl\/inicio\/wp-json\/wp\/v2\/product_cat?post=961"},{"taxonomy":"product_tag","embeddable":true,"href":"https:\/\/eljardinderosas.cl\/inicio\/wp-json\/wp\/v2\/product_tag?post=961"}],"curies":[{"name":"wp","href":"https:\/\/api.w.org\/{rel}","templated":true}]}}